{"id":4148,"date":"2017-04-12T12:54:57","date_gmt":"2017-04-12T10:54:57","guid":{"rendered":"https:\/\/austratt-agroturisme.no\/overnatting-feriehus\/"},"modified":"2023-11-06T22:50:03","modified_gmt":"2023-11-06T21:50:03","slug":"unterkunft-ferienhaus-in-norwegen","status":"publish","type":"page","link":"https:\/\/austratt-agroturisme.no\/de\/unterkunft-ferienhaus-in-norwegen\/","title":{"rendered":"Unterkunft"},"content":{"rendered":"\n\n\t<h3><strong>Die K\u00e5rstua ( das Altenteil ) &#8211; Ferienhaus in\u00a0Norwegen\u00a0f\u00fcr das ganze Jahr<\/strong><\/h3>\n<p><img loading=\"lazy\" decoding=\"async\" src=\"https:\/\/austratt-agrotourismus.de\/wp-content\/uploads\/2021\/07\/p6200650-1-500x375.jpg\" alt=\"\u00d8rland, Austr\u00e5tt, Austr\u00e5tt agroturisme, K\u00e5rstua, r\u00f8d melkerampe til venstre, hvitt hus i midten, r\u00f8d l\u00e5ve i bakgrunnen, sol og bl\u00e5 himmel\" width=\"500\" height=\"375\" \/><\/p>\n<p>Die K\u00e5rstua ist ein Ferienhaus in Norwegen, das das ganze Jahr \u00fcber bewohnt werden kann. Dies ist ein altes Wohnhaus von 1930, gebaut zu dem Zeitpunkt als dieser Bauernhof vom <a href=\"https:\/\/nkim.no\/de\/austratt\" target=\"_blank\" rel=\"noopener\">Austr\u00e5ttgut<\/a> abgetrennt wurde. Wir befinden uns auf historischen Grund und Boden an der K\u00fcste in Tr\u00f8ndelag. Wir sind eigentlich Nachbarn von Frau Inger zu Austr\u00e5tt. Das Haus wurde im alten Stil renoviert, aber erf\u00fcllt alle Erwartungen an den heutigen Komfort. Viel von der alten Atmosph\u00e4re wurde bewahrt.<\/p>\n<p>Sie k\u00f6nnen hier mitten im <a href=\"https:\/\/austratt-agrotourismus.de\/aktivitaten-fur-jeden-geschmack\/\" target=\"_blank\" rel=\"noopener\">Erholungsgebiet<\/a> wohnen. Ihre n\u00e4chsten Nachbarn sind der Austr\u00e5ttwald, das Austr\u00e5ttgesch\u00fctz, der Austr\u00e5ttgolfplatz und das Austr\u00e5ttschloss. Nur ein kurzer Weg zum Yachthafen und Badestrand.Man kann viel erleben auf dem Wasser wie auch an Land in Austr\u00e5tt oder woanders in der Kommune \u00d8rland. Zu Fu\u00df oder mit dem Fahrrad erreichen sie von der K\u00e5rstua\u00a0\u00a0 das Meiste. Die K\u00e5rstua wird als eine Einheit vermietet. Es ist Platz genug f\u00fcr zwei bis drei Familien, die gern zusammen wohnen m\u00f6chten oder f\u00fcr Grossfamilien oder Gruppen die sich untereinander gut kennen. Es gibt hier 16 Schlafpl\u00e4tze verteilt \u00fcber vier Schlafzimmer und einen Dachboden.<\/p>\n<h3><strong>\u00d6kologische Selbstversorgung<\/strong><strong>\u00a0<\/strong><\/h3>\n<p>Es ist m\u00f6glich sich mit saisonalen \u00f6kologischen Gem\u00fcse und Fr\u00fcchten selbst zu versorgen. Wir betreiben die Austr\u00e5tt <a href=\"https:\/\/austratt-agrotourismus.de\/gesundes-essen\/\" target=\"_blank\" rel=\"noopener\">Landwirkschaftliche Wirkschaftsgemeinschaft<\/a> (CSA). Hier k\u00f6nnen unsere G\u00e4ste die \u00f6kologischen Gem\u00fcse und Fr\u00fcchte der Saison selbst ernten. Das Essen m\u00fcssen sie selber machen, aber mit den zur Verf\u00fcgung stehenden Rohwaren von unseren \u00c4ckern, wird es besonders gut. Im Keller kann ausserdem der gl\u00fcckliche Angler seinen Tagesfang filitieren du so hat man alles f\u00fcr ein herrschaftliche Mahlzeit.<\/p>\n<h3><strong>Mietpreise f\u00fcr die K\u00e5rstua<\/strong><strong>\u00a0<\/strong><\/h3>\n<ul>\n<li>NOK 2395 per \u00dcbernachtung (ab 01.01.24 NOK 2495).<\/li>\n<li>Bei Buchungen ab 7 Tagen gew\u00e4hren wir ein Rabatt von 15% (nicht im Zeitrom 01.06 &#8211; 20.08).<\/li>\n<li>Mindestens zwei \u00dcbernachtungen, mindestens drei \u00dcbernachtungen 01.06 &#8211; 15.08.<\/li>\n<li>Bei mehr als 6 Personen wird f\u00fcr jede Person eine zus\u00e4tzliche Geb\u00fchr von NOK 300 pro Tag berechnet.<\/li>\n<li>Kinder im Kinderbett wohnen gratis.<\/li>\n<\/ul>\n<h3><strong>Abbestellung<\/strong><\/h3>\n<p>Bei Abbestellung bis zu 30 Tagen vor dem Ankunftsdatum erstatten wir 100 % der Anzahlung.<\/p>\n<p>Bei Abbestellung bis zu 14 Tagen vor dem Ankunftsdatum erstatten wir\u00a0\u00a0 50 % der Anzahlung.<\/p>\n<p>Bei Abbestellung sp\u00e4ter als 14 Tage vor dem Ankunftsdatum wird die Anzahlung nicht erstattet.<\/p>\n<p>&nbsp;<\/p>\n<h3>\n\t\tGalerie\n\t<\/h3>\n\t\t<h3>Unterkunft buchen<\/h3>\n\t\t\t<a href=\"https:\/\/austratt-agrotourismus.de\/buchen\/\" target=\"_self\" rel=\"noopener\">\n\t\t\t\t\t\t\tHIER BUCHEN\n\t\t\t<\/a>\n\n","protected":false},"excerpt":{"rendered":"<p>Die K\u00e5rstua ( das Altenteil ) &#8211; Ferienhaus in\u00a0Norwegen\u00a0f\u00fcr das ganze Jahr Die K\u00e5rstua&#8230;<\/p>\n","protected":false},"author":6,"featured_media":106,"parent":0,"menu_order":10,"comment_status":"closed","ping_status":"closed","template":"","meta":{"_acf_changed":false,"_analytify_skip_tracking":false,"_genesis_hide_title":false,"_genesis_hide_breadcrumbs":false,"_genesis_hide_singular_image":false,"_genesis_hide_footer_widgets":false,"_genesis_custom_body_class":"","_genesis_custom_post_class":"","_genesis_layout":"","footnotes":""},"class_list":{"0":"post-4148","1":"page","2":"type-page","3":"status-publish","4":"has-post-thumbnail","6":"entry"},"acf":[],"yoast_head":"<!-- This site is optimized with the Yoast SEO plugin v27.2 - https:\/\/yoast.com\/product\/yoast-seo-wordpress\/ -->\n<title>Austr\u00e5tt agrotourismus - Ferienhaus in Norwegen mit Unterkunft das ganze Jahr \u00fcber.<\/title>\n<meta name=\"description\" content=\"K\u00e5rstua ist ein Ferienhaus in Norwegen, i dem Sie inmitten der Erlebnisse wohnen k\u00f6nnen. Unsere n\u00e4chsten Nachbarn sind der Austr\u00e5tt Hain, Austr\u00e5tt Fort .....\" \/>\n<meta name=\"robots\" content=\"index, follow, max-snippet:-1, max-image-preview:large, max-video-preview:-1\" \/>\n<link rel=\"canonical\" href=\"https:\/\/austratt-agroturisme.no\/overnatting-feriehus\/\" \/>\n<meta property=\"og:locale\" content=\"de_DE\" \/>\n<meta property=\"og:type\" content=\"article\" \/>\n<meta property=\"og:title\" content=\"Austr\u00e5tt agrotourismus - Ferienhaus in Norwegen mit Unterkunft das ganze Jahr \u00fcber.\" \/>\n<meta property=\"og:description\" content=\"K\u00e5rstua ist ein Ferienhaus in Norwegen, i dem Sie inmitten der Erlebnisse wohnen k\u00f6nnen. Unsere n\u00e4chsten Nachbarn sind der Austr\u00e5tt Hain, Austr\u00e5tt Fort .....\" \/>\n<meta property=\"og:url\" content=\"https:\/\/austratt-agroturisme.no\/overnatting-feriehus\/\" \/>\n<meta property=\"og:site_name\" content=\"Austr\u00e5tt Agroturisme\" \/>\n<meta property=\"article:publisher\" content=\"https:\/\/www.facebook.com\/austratt.andelsjordbruk\/\" \/>\n<meta property=\"article:modified_time\" content=\"2023-11-06T21:50:03+00:00\" \/>\n<meta property=\"og:image\" content=\"https:\/\/austratt-agroturisme.no\/wp-content\/uploads\/2021\/07\/p6200650-1.jpg\" \/>\n<meta name=\"twitter:card\" content=\"summary_large_image\" \/>\n<meta name=\"twitter:image\" content=\"https:\/\/austratt-agroturisme.no\/wp-content\/uploads\/2021\/07\/p6200650-1.jpg\" \/>\n<meta name=\"twitter:label1\" content=\"Gesch\u00e4tzte Lesezeit\" \/>\n\t<meta name=\"twitter:data1\" content=\"2 Minuten\" \/>\n<script type=\"application\/ld+json\" class=\"yoast-schema-graph\">{\"@context\":\"https:\/\/schema.org\",\"@graph\":[{\"@type\":\"WebPage\",\"@id\":\"https:\/\/austratt-agroturisme.no\/overnatting-feriehus\/\",\"url\":\"https:\/\/austratt-agroturisme.no\/overnatting-feriehus\/\",\"name\":\"Austr\u00e5tt agrotourismus - Ferienhaus in Norwegen mit Unterkunft das ganze Jahr \u00fcber.\",\"isPartOf\":{\"@id\":\"https:\/\/austratt-agroturisme.no\/#website\"},\"primaryImageOfPage\":{\"@id\":\"https:\/\/austratt-agroturisme.no\/overnatting-feriehus\/#primaryimage\"},\"image\":{\"@id\":\"https:\/\/austratt-agroturisme.no\/overnatting-feriehus\/#primaryimage\"},\"thumbnailUrl\":\"\",\"datePublished\":\"2017-04-12T10:54:57+00:00\",\"dateModified\":\"2023-11-06T21:50:03+00:00\",\"description\":\"K\u00e5rstua ist ein Ferienhaus in Norwegen, i dem Sie inmitten der Erlebnisse wohnen k\u00f6nnen. Unsere n\u00e4chsten Nachbarn sind der Austr\u00e5tt Hain, Austr\u00e5tt Fort .....\",\"breadcrumb\":{\"@id\":\"https:\/\/austratt-agroturisme.no\/overnatting-feriehus\/#breadcrumb\"},\"inLanguage\":\"de-DE\",\"potentialAction\":[{\"@type\":\"ReadAction\",\"target\":[\"https:\/\/austratt-agroturisme.no\/overnatting-feriehus\/\"]}]},{\"@type\":\"ImageObject\",\"inLanguage\":\"de-DE\",\"@id\":\"https:\/\/austratt-agroturisme.no\/overnatting-feriehus\/#primaryimage\",\"url\":\"\",\"contentUrl\":\"\"},{\"@type\":\"BreadcrumbList\",\"@id\":\"https:\/\/austratt-agroturisme.no\/overnatting-feriehus\/#breadcrumb\",\"itemListElement\":[{\"@type\":\"ListItem\",\"position\":1,\"name\":\"Hjem\",\"item\":\"https:\/\/austratt-agroturisme.no\/de\/\"},{\"@type\":\"ListItem\",\"position\":2,\"name\":\"Unterkunft\"}]},{\"@type\":\"WebSite\",\"@id\":\"https:\/\/austratt-agroturisme.no\/#website\",\"url\":\"https:\/\/austratt-agroturisme.no\/\",\"name\":\"Austr\u00e5tt Agroturisme\",\"description\":\"\",\"publisher\":{\"@id\":\"https:\/\/austratt-agroturisme.no\/#organization\"},\"potentialAction\":[{\"@type\":\"SearchAction\",\"target\":{\"@type\":\"EntryPoint\",\"urlTemplate\":\"https:\/\/austratt-agroturisme.no\/?s={search_term_string}\"},\"query-input\":{\"@type\":\"PropertyValueSpecification\",\"valueRequired\":true,\"valueName\":\"search_term_string\"}}],\"inLanguage\":\"de-DE\"},{\"@type\":\"Organization\",\"@id\":\"https:\/\/austratt-agroturisme.no\/#organization\",\"name\":\"Austr\u00e5tt Agroturisme\",\"url\":\"https:\/\/austratt-agroturisme.no\/\",\"logo\":{\"@type\":\"ImageObject\",\"inLanguage\":\"de-DE\",\"@id\":\"https:\/\/austratt-agroturisme.no\/#\/schema\/logo\/image\/\",\"url\":\"https:\/\/austratt-agroturisme.no\/wp-content\/uploads\/2017\/09\/logoyoast.png\",\"contentUrl\":\"https:\/\/austratt-agroturisme.no\/wp-content\/uploads\/2017\/09\/logoyoast.png\",\"width\":\"270\",\"height\":\"106\",\"caption\":\"Austr\u00e5tt Agroturisme\"},\"image\":{\"@id\":\"https:\/\/austratt-agroturisme.no\/#\/schema\/logo\/image\/\"},\"sameAs\":[\"https:\/\/www.facebook.com\/austratt.andelsjordbruk\/\"]}]}<\/script>\n<!-- \/ Yoast SEO plugin. -->","yoast_head_json":{"title":"Austr\u00e5tt agrotourismus - Ferienhaus in Norwegen mit Unterkunft das ganze Jahr \u00fcber.","description":"K\u00e5rstua ist ein Ferienhaus in Norwegen, i dem Sie inmitten der Erlebnisse wohnen k\u00f6nnen. Unsere n\u00e4chsten Nachbarn sind der Austr\u00e5tt Hain, Austr\u00e5tt Fort .....","robots":{"index":"index","follow":"follow","max-snippet":"max-snippet:-1","max-image-preview":"max-image-preview:large","max-video-preview":"max-video-preview:-1"},"canonical":"https:\/\/austratt-agroturisme.no\/overnatting-feriehus\/","og_locale":"de_DE","og_type":"article","og_title":"Austr\u00e5tt agrotourismus - Ferienhaus in Norwegen mit Unterkunft das ganze Jahr \u00fcber.","og_description":"K\u00e5rstua ist ein Ferienhaus in Norwegen, i dem Sie inmitten der Erlebnisse wohnen k\u00f6nnen. Unsere n\u00e4chsten Nachbarn sind der Austr\u00e5tt Hain, Austr\u00e5tt Fort .....","og_url":"https:\/\/austratt-agroturisme.no\/overnatting-feriehus\/","og_site_name":"Austr\u00e5tt Agroturisme","article_publisher":"https:\/\/www.facebook.com\/austratt.andelsjordbruk\/","article_modified_time":"2023-11-06T21:50:03+00:00","og_image":[{"url":"https:\/\/austratt-agroturisme.no\/wp-content\/uploads\/2021\/07\/p6200650-1.jpg","type":"","width":"","height":""}],"twitter_card":"summary_large_image","twitter_image":"https:\/\/austratt-agroturisme.no\/wp-content\/uploads\/2021\/07\/p6200650-1.jpg","twitter_misc":{"Gesch\u00e4tzte Lesezeit":"2 Minuten"},"schema":{"@context":"https:\/\/schema.org","@graph":[{"@type":"WebPage","@id":"https:\/\/austratt-agroturisme.no\/overnatting-feriehus\/","url":"https:\/\/austratt-agroturisme.no\/overnatting-feriehus\/","name":"Austr\u00e5tt agrotourismus - Ferienhaus in Norwegen mit Unterkunft das ganze Jahr \u00fcber.","isPartOf":{"@id":"https:\/\/austratt-agroturisme.no\/#website"},"primaryImageOfPage":{"@id":"https:\/\/austratt-agroturisme.no\/overnatting-feriehus\/#primaryimage"},"image":{"@id":"https:\/\/austratt-agroturisme.no\/overnatting-feriehus\/#primaryimage"},"thumbnailUrl":"","datePublished":"2017-04-12T10:54:57+00:00","dateModified":"2023-11-06T21:50:03+00:00","description":"K\u00e5rstua ist ein Ferienhaus in Norwegen, i dem Sie inmitten der Erlebnisse wohnen k\u00f6nnen. Unsere n\u00e4chsten Nachbarn sind der Austr\u00e5tt Hain, Austr\u00e5tt Fort .....","breadcrumb":{"@id":"https:\/\/austratt-agroturisme.no\/overnatting-feriehus\/#breadcrumb"},"inLanguage":"de-DE","potentialAction":[{"@type":"ReadAction","target":["https:\/\/austratt-agroturisme.no\/overnatting-feriehus\/"]}]},{"@type":"ImageObject","inLanguage":"de-DE","@id":"https:\/\/austratt-agroturisme.no\/overnatting-feriehus\/#primaryimage","url":"","contentUrl":""},{"@type":"BreadcrumbList","@id":"https:\/\/austratt-agroturisme.no\/overnatting-feriehus\/#breadcrumb","itemListElement":[{"@type":"ListItem","position":1,"name":"Hjem","item":"https:\/\/austratt-agroturisme.no\/de\/"},{"@type":"ListItem","position":2,"name":"Unterkunft"}]},{"@type":"WebSite","@id":"https:\/\/austratt-agroturisme.no\/#website","url":"https:\/\/austratt-agroturisme.no\/","name":"Austr\u00e5tt Agroturisme","description":"","publisher":{"@id":"https:\/\/austratt-agroturisme.no\/#organization"},"potentialAction":[{"@type":"SearchAction","target":{"@type":"EntryPoint","urlTemplate":"https:\/\/austratt-agroturisme.no\/?s={search_term_string}"},"query-input":{"@type":"PropertyValueSpecification","valueRequired":true,"valueName":"search_term_string"}}],"inLanguage":"de-DE"},{"@type":"Organization","@id":"https:\/\/austratt-agroturisme.no\/#organization","name":"Austr\u00e5tt Agroturisme","url":"https:\/\/austratt-agroturisme.no\/","logo":{"@type":"ImageObject","inLanguage":"de-DE","@id":"https:\/\/austratt-agroturisme.no\/#\/schema\/logo\/image\/","url":"https:\/\/austratt-agroturisme.no\/wp-content\/uploads\/2017\/09\/logoyoast.png","contentUrl":"https:\/\/austratt-agroturisme.no\/wp-content\/uploads\/2017\/09\/logoyoast.png","width":"270","height":"106","caption":"Austr\u00e5tt Agroturisme"},"image":{"@id":"https:\/\/austratt-agroturisme.no\/#\/schema\/logo\/image\/"},"sameAs":["https:\/\/www.facebook.com\/austratt.andelsjordbruk\/"]}]}},"_links":{"self":[{"href":"https:\/\/austratt-agroturisme.no\/de\/wp-json\/wp\/v2\/pages\/4148","targetHints":{"allow":["GET"]}}],"collection":[{"href":"https:\/\/austratt-agroturisme.no\/de\/wp-json\/wp\/v2\/pages"}],"about":[{"href":"https:\/\/austratt-agroturisme.no\/de\/wp-json\/wp\/v2\/types\/page"}],"author":[{"embeddable":true,"href":"https:\/\/austratt-agroturisme.no\/de\/wp-json\/wp\/v2\/users\/6"}],"replies":[{"embeddable":true,"href":"https:\/\/austratt-agroturisme.no\/de\/wp-json\/wp\/v2\/comments?post=4148"}],"version-history":[{"count":0,"href":"https:\/\/austratt-agroturisme.no\/de\/wp-json\/wp\/v2\/pages\/4148\/revisions"}],"wp:featuredmedia":[{"embeddable":true,"href":"https:\/\/austratt-agroturisme.no\/de\/wp-json\/"}],"wp:attachment":[{"href":"https:\/\/austratt-agroturisme.no\/de\/wp-json\/wp\/v2\/media?parent=4148"}],"curies":[{"name":"wp","href":"https:\/\/api.w.org\/{rel}","templated":true}]}}