{"id":4150,"date":"2017-10-28T13:55:15","date_gmt":"2017-10-28T11:55:15","guid":{"rendered":"https:\/\/austratt-agroturisme.no\/schaf-und-leder\/"},"modified":"2019-07-12T11:46:36","modified_gmt":"2019-07-12T09:46:36","slug":"pelzschaf","status":"publish","type":"page","link":"https:\/\/austratt-agroturisme.no\/de\/pelzschaf\/","title":{"rendered":"Schaf und Fell"},"content":{"rendered":"<h3>\n\t\tFr\u00fchjahr und Sommer\n\t<\/h3>\n\t<p>Die Haustiere, die du auf unserem Hof antriffst sind Schafe der Rasse Norwegisches Pelzschaf (Norsk Pelssau). Im Winter halten sie sich im Stall auf, wenn aber das Fr\u00fchjahr kommt und sie ihre L\u00e4mmer bekommen, springen viele, kleine schwarze L\u00e4mmer herum. Sie genie\u00dfen das frische gr\u00fcne Gras auf der Weide und sie sind gute Landschaftspfleger und halten Weiden und Anh\u00f6hen in Ordnung. Wenn der Herbst kommt holen wir die Schafe wieder in den Stall. Wir versorgen unsere Schafe gut, denn sie sollen sich wohlf\u00fchlen bei uns.<\/p>\n<p>Wenn man viel Zeit mit den Tieren verbringt, k\u00f6nnen sie sehr zutraulich und liebenswert werden. Zus\u00e4tzlich produzieren sie D\u00fcnger f\u00fcr unsere Gem\u00fcse und Obst und Beerenproduktion.<\/p>\n<p>&nbsp;<\/p>\n<p>&nbsp;<\/p>\n<h3>\n\t\tNorwegischer Pelzschaf (Norsk Pelssau)\n\t<\/h3>\n\t<p>Die Rasse norwegisches Fellschaf ist eine Kreuzung zwischen Gotlandschaf und Grau-blau Sp\u00e4lschaf, eine Kreuzung, die gute Wolle gibt und sich auch sehr gut f\u00fcr die Fellproduktion eignet. Das Fell hat einen sch\u00f6nen Glanz und charakteristische Locken.<\/p>\n<p>Das Pelzschaf lammt leicht und Probleme mit dem Euter sind eher selten. Normalerweise bekommen sie ein bis zwei L\u00e4mmer, aber es k\u00f6nnen auch mal drei sein. Sie sind daf\u00fcr bekannt einen guten Mutterinstinkt zu haben. Bei Gefahr r\u00fccken sie in der Herde eng zusammen und besch\u00fctzen die L\u00e4mmer gegen Raubtiere. Wenn du mehr \u00fcber diese Rasse wissen m\u00f6chtest, kannst du <a href=\"https:\/\/www.rhonna.net\/norwegian-sheep-breeds\" target=\"_blank\" rel=\"noopener noreferrer\">hier<\/a>\u00a0in Englisch lesen.<\/p>\n<p>&nbsp;<\/p>\n<p>&nbsp;<\/p>\n<p>&nbsp;<\/p>\n<h3>\n\t\tFellproduktion\n\t<\/h3>\n\t<p>Das Fell des Norwegischen Pelzschafs hat sch\u00f6ne Locken und ist weich und seidig. Die Farbe des Fells variert von hell bis dunkelgrau und soll nach M\u00f6glichkeit einfarbig sein. Die Locken des Fells machen es sehr gut haltbar.<\/p>\n<p>Wenn der Herbst kommt werden die sch\u00f6nsten Felle zu Donna Skinn in \u00a0zur Aufarbeitung geschickt. Dies ist eine Gerberei, die Felle auf h\u00f6chstem Qualit\u00e4tsniveau liefert. Die Felle gibt es unbeschnitten oder mit einer Felll\u00e4nge von 18 bis 35 mm. Die gek\u00fcrzten Felle werden sehr leicht und behaglich.<\/p>\n<p>Die feinen Felle im Wintergarten und auf der Dachdiele sind von unseren Schafen.<\/p>\n<p>&nbsp;<\/p>\n","protected":false},"excerpt":{"rendered":"<p>Fr\u00fchjahr und Sommer Die Haustiere, die du auf unserem Hof antriffst sind Schafe der&#8230;<\/p>\n","protected":false},"author":6,"featured_media":106,"parent":0,"menu_order":9,"comment_status":"closed","ping_status":"closed","template":"","meta":{"_acf_changed":false,"_analytify_skip_tracking":false,"_genesis_hide_title":false,"_genesis_hide_breadcrumbs":false,"_genesis_hide_singular_image":false,"_genesis_hide_footer_widgets":false,"_genesis_custom_body_class":"","_genesis_custom_post_class":"","_genesis_layout":"","footnotes":""},"class_list":{"0":"post-4150","1":"page","2":"type-page","3":"status-publish","4":"has-post-thumbnail","6":"entry"},"acf":[],"yoast_head":"<!-- This site is optimized with the Yoast SEO plugin v27.2 - https:\/\/yoast.com\/product\/yoast-seo-wordpress\/ -->\n<title>Norwegischer Pelzschafe - wir haben Fell von unseren Schafen in K\u00e5rstua<\/title>\n<meta name=\"description\" content=\"Die Haustiere, die du auf unserem Hof antriffst sind Schafe der Rasse norwegisches Pelzschaf. Wenn das Fr\u00fchjahr kommt springen kleine schwarze L\u00e4mmer herum.\" \/>\n<meta name=\"robots\" content=\"index, follow, max-snippet:-1, max-image-preview:large, max-video-preview:-1\" \/>\n<link rel=\"canonical\" href=\"https:\/\/austratt-agroturisme.no\/norsk-pelssau\/\" \/>\n<meta property=\"og:locale\" content=\"de_DE\" \/>\n<meta property=\"og:type\" content=\"article\" \/>\n<meta property=\"og:title\" content=\"Norwegischer Pelzschafe - wir haben Fell von unseren Schafen in K\u00e5rstua\" \/>\n<meta property=\"og:description\" content=\"Die Haustiere, die du auf unserem Hof antriffst sind Schafe der Rasse norwegisches Pelzschaf. Wenn das Fr\u00fchjahr kommt springen kleine schwarze L\u00e4mmer herum.\" \/>\n<meta property=\"og:url\" content=\"https:\/\/austratt-agroturisme.no\/norsk-pelssau\/\" \/>\n<meta property=\"og:site_name\" content=\"Austr\u00e5tt Agroturisme\" \/>\n<meta property=\"article:publisher\" content=\"https:\/\/www.facebook.com\/austratt.andelsjordbruk\/\" \/>\n<meta property=\"article:modified_time\" content=\"2019-07-12T09:46:36+00:00\" \/>\n<meta property=\"og:image\" content=\"https:\/\/austratt-agroturisme.no\/wp-content\/uploads\/2017\/09\/somedeling-1000x750.png\" \/>\n\t<meta property=\"og:image:width\" content=\"1000\" \/>\n\t<meta property=\"og:image:height\" content=\"750\" \/>\n\t<meta property=\"og:image:type\" content=\"image\/png\" \/>\n<meta name=\"twitter:card\" content=\"summary_large_image\" \/>\n<meta name=\"twitter:label1\" content=\"Gesch\u00e4tzte Lesezeit\" \/>\n\t<meta name=\"twitter:data1\" content=\"2 Minuten\" \/>\n<script type=\"application\/ld+json\" class=\"yoast-schema-graph\">{\"@context\":\"https:\/\/schema.org\",\"@graph\":[{\"@type\":\"WebPage\",\"@id\":\"https:\/\/austratt-agroturisme.no\/norsk-pelssau\/\",\"url\":\"https:\/\/austratt-agroturisme.no\/norsk-pelssau\/\",\"name\":\"Norwegischer Pelzschafe - wir haben Fell von unseren Schafen in K\u00e5rstua\",\"isPartOf\":{\"@id\":\"https:\/\/austratt-agroturisme.no\/#website\"},\"primaryImageOfPage\":{\"@id\":\"https:\/\/austratt-agroturisme.no\/norsk-pelssau\/#primaryimage\"},\"image\":{\"@id\":\"https:\/\/austratt-agroturisme.no\/norsk-pelssau\/#primaryimage\"},\"thumbnailUrl\":\"\",\"datePublished\":\"2017-10-28T11:55:15+00:00\",\"dateModified\":\"2019-07-12T09:46:36+00:00\",\"description\":\"Die Haustiere, die du auf unserem Hof antriffst sind Schafe der Rasse norwegisches Pelzschaf. Wenn das Fr\u00fchjahr kommt springen kleine schwarze L\u00e4mmer herum.\",\"breadcrumb\":{\"@id\":\"https:\/\/austratt-agroturisme.no\/norsk-pelssau\/#breadcrumb\"},\"inLanguage\":\"de-DE\",\"potentialAction\":[{\"@type\":\"ReadAction\",\"target\":[\"https:\/\/austratt-agroturisme.no\/norsk-pelssau\/\"]}]},{\"@type\":\"ImageObject\",\"inLanguage\":\"de-DE\",\"@id\":\"https:\/\/austratt-agroturisme.no\/norsk-pelssau\/#primaryimage\",\"url\":\"\",\"contentUrl\":\"\"},{\"@type\":\"BreadcrumbList\",\"@id\":\"https:\/\/austratt-agroturisme.no\/norsk-pelssau\/#breadcrumb\",\"itemListElement\":[{\"@type\":\"ListItem\",\"position\":1,\"name\":\"Hjem\",\"item\":\"https:\/\/austratt-agroturisme.no\/de\/\"},{\"@type\":\"ListItem\",\"position\":2,\"name\":\"Schaf und Fell\"}]},{\"@type\":\"WebSite\",\"@id\":\"https:\/\/austratt-agroturisme.no\/#website\",\"url\":\"https:\/\/austratt-agroturisme.no\/\",\"name\":\"Austr\u00e5tt Agroturisme\",\"description\":\"\",\"publisher\":{\"@id\":\"https:\/\/austratt-agroturisme.no\/#organization\"},\"potentialAction\":[{\"@type\":\"SearchAction\",\"target\":{\"@type\":\"EntryPoint\",\"urlTemplate\":\"https:\/\/austratt-agroturisme.no\/?s={search_term_string}\"},\"query-input\":{\"@type\":\"PropertyValueSpecification\",\"valueRequired\":true,\"valueName\":\"search_term_string\"}}],\"inLanguage\":\"de-DE\"},{\"@type\":\"Organization\",\"@id\":\"https:\/\/austratt-agroturisme.no\/#organization\",\"name\":\"Austr\u00e5tt Agroturisme\",\"url\":\"https:\/\/austratt-agroturisme.no\/\",\"logo\":{\"@type\":\"ImageObject\",\"inLanguage\":\"de-DE\",\"@id\":\"https:\/\/austratt-agroturisme.no\/#\/schema\/logo\/image\/\",\"url\":\"https:\/\/austratt-agroturisme.no\/wp-content\/uploads\/2017\/09\/logoyoast.png\",\"contentUrl\":\"https:\/\/austratt-agroturisme.no\/wp-content\/uploads\/2017\/09\/logoyoast.png\",\"width\":\"270\",\"height\":\"106\",\"caption\":\"Austr\u00e5tt Agroturisme\"},\"image\":{\"@id\":\"https:\/\/austratt-agroturisme.no\/#\/schema\/logo\/image\/\"},\"sameAs\":[\"https:\/\/www.facebook.com\/austratt.andelsjordbruk\/\"]}]}<\/script>\n<!-- \/ Yoast SEO plugin. -->","yoast_head_json":{"title":"Norwegischer Pelzschafe - wir haben Fell von unseren Schafen in K\u00e5rstua","description":"Die Haustiere, die du auf unserem Hof antriffst sind Schafe der Rasse norwegisches Pelzschaf. Wenn das Fr\u00fchjahr kommt springen kleine schwarze L\u00e4mmer herum.","robots":{"index":"index","follow":"follow","max-snippet":"max-snippet:-1","max-image-preview":"max-image-preview:large","max-video-preview":"max-video-preview:-1"},"canonical":"https:\/\/austratt-agroturisme.no\/norsk-pelssau\/","og_locale":"de_DE","og_type":"article","og_title":"Norwegischer Pelzschafe - wir haben Fell von unseren Schafen in K\u00e5rstua","og_description":"Die Haustiere, die du auf unserem Hof antriffst sind Schafe der Rasse norwegisches Pelzschaf. Wenn das Fr\u00fchjahr kommt springen kleine schwarze L\u00e4mmer herum.","og_url":"https:\/\/austratt-agroturisme.no\/norsk-pelssau\/","og_site_name":"Austr\u00e5tt Agroturisme","article_publisher":"https:\/\/www.facebook.com\/austratt.andelsjordbruk\/","article_modified_time":"2019-07-12T09:46:36+00:00","og_image":[{"width":1000,"height":750,"url":"https:\/\/austratt-agroturisme.no\/wp-content\/uploads\/2017\/09\/somedeling-1000x750.png","type":"image\/png"}],"twitter_card":"summary_large_image","twitter_misc":{"Gesch\u00e4tzte Lesezeit":"2 Minuten"},"schema":{"@context":"https:\/\/schema.org","@graph":[{"@type":"WebPage","@id":"https:\/\/austratt-agroturisme.no\/norsk-pelssau\/","url":"https:\/\/austratt-agroturisme.no\/norsk-pelssau\/","name":"Norwegischer Pelzschafe - wir haben Fell von unseren Schafen in K\u00e5rstua","isPartOf":{"@id":"https:\/\/austratt-agroturisme.no\/#website"},"primaryImageOfPage":{"@id":"https:\/\/austratt-agroturisme.no\/norsk-pelssau\/#primaryimage"},"image":{"@id":"https:\/\/austratt-agroturisme.no\/norsk-pelssau\/#primaryimage"},"thumbnailUrl":"","datePublished":"2017-10-28T11:55:15+00:00","dateModified":"2019-07-12T09:46:36+00:00","description":"Die Haustiere, die du auf unserem Hof antriffst sind Schafe der Rasse norwegisches Pelzschaf. Wenn das Fr\u00fchjahr kommt springen kleine schwarze L\u00e4mmer herum.","breadcrumb":{"@id":"https:\/\/austratt-agroturisme.no\/norsk-pelssau\/#breadcrumb"},"inLanguage":"de-DE","potentialAction":[{"@type":"ReadAction","target":["https:\/\/austratt-agroturisme.no\/norsk-pelssau\/"]}]},{"@type":"ImageObject","inLanguage":"de-DE","@id":"https:\/\/austratt-agroturisme.no\/norsk-pelssau\/#primaryimage","url":"","contentUrl":""},{"@type":"BreadcrumbList","@id":"https:\/\/austratt-agroturisme.no\/norsk-pelssau\/#breadcrumb","itemListElement":[{"@type":"ListItem","position":1,"name":"Hjem","item":"https:\/\/austratt-agroturisme.no\/de\/"},{"@type":"ListItem","position":2,"name":"Schaf und Fell"}]},{"@type":"WebSite","@id":"https:\/\/austratt-agroturisme.no\/#website","url":"https:\/\/austratt-agroturisme.no\/","name":"Austr\u00e5tt Agroturisme","description":"","publisher":{"@id":"https:\/\/austratt-agroturisme.no\/#organization"},"potentialAction":[{"@type":"SearchAction","target":{"@type":"EntryPoint","urlTemplate":"https:\/\/austratt-agroturisme.no\/?s={search_term_string}"},"query-input":{"@type":"PropertyValueSpecification","valueRequired":true,"valueName":"search_term_string"}}],"inLanguage":"de-DE"},{"@type":"Organization","@id":"https:\/\/austratt-agroturisme.no\/#organization","name":"Austr\u00e5tt Agroturisme","url":"https:\/\/austratt-agroturisme.no\/","logo":{"@type":"ImageObject","inLanguage":"de-DE","@id":"https:\/\/austratt-agroturisme.no\/#\/schema\/logo\/image\/","url":"https:\/\/austratt-agroturisme.no\/wp-content\/uploads\/2017\/09\/logoyoast.png","contentUrl":"https:\/\/austratt-agroturisme.no\/wp-content\/uploads\/2017\/09\/logoyoast.png","width":"270","height":"106","caption":"Austr\u00e5tt Agroturisme"},"image":{"@id":"https:\/\/austratt-agroturisme.no\/#\/schema\/logo\/image\/"},"sameAs":["https:\/\/www.facebook.com\/austratt.andelsjordbruk\/"]}]}},"_links":{"self":[{"href":"https:\/\/austratt-agroturisme.no\/de\/wp-json\/wp\/v2\/pages\/4150","targetHints":{"allow":["GET"]}}],"collection":[{"href":"https:\/\/austratt-agroturisme.no\/de\/wp-json\/wp\/v2\/pages"}],"about":[{"href":"https:\/\/austratt-agroturisme.no\/de\/wp-json\/wp\/v2\/types\/page"}],"author":[{"embeddable":true,"href":"https:\/\/austratt-agroturisme.no\/de\/wp-json\/wp\/v2\/users\/6"}],"replies":[{"embeddable":true,"href":"https:\/\/austratt-agroturisme.no\/de\/wp-json\/wp\/v2\/comments?post=4150"}],"version-history":[{"count":0,"href":"https:\/\/austratt-agroturisme.no\/de\/wp-json\/wp\/v2\/pages\/4150\/revisions"}],"wp:featuredmedia":[{"embeddable":true,"href":"https:\/\/austratt-agroturisme.no\/de\/wp-json\/"}],"wp:attachment":[{"href":"https:\/\/austratt-agroturisme.no\/de\/wp-json\/wp\/v2\/media?parent=4150"}],"curies":[{"name":"wp","href":"https:\/\/api.w.org\/{rel}","templated":true}]}}