{"id":4155,"date":"2017-05-02T13:59:57","date_gmt":"2017-05-02T11:59:57","guid":{"rendered":"https:\/\/austratt-agroturisme.no\/om-garden\/"},"modified":"2018-01-26T17:50:13","modified_gmt":"2018-01-26T16:50:13","slug":"urlaub-auf-dem-bauernhof-in-norwegen","status":"publish","type":"page","link":"https:\/\/austratt-agroturisme.no\/de\/urlaub-auf-dem-bauernhof-in-norwegen\/","title":{"rendered":"\u00dcber den Bauernhof"},"content":{"rendered":"<h2>\u00dcber unseren Hof<\/h2>\n<p>Auf unserem Bauernhof betreiben wir Urlaub auf dem Bauernhof in Norwegen, Schafzucht und das\u00a0<a href=\"https:\/\/austratt-agrotourismus.de\/gesundes-essen\/\" target=\"_blank\" rel=\"noopener\">Landwirtschaftliche Wirtschaftsgemeinschaft (CSA)<\/a>. Unser Bauernhof hei\u00dft Lundasletta und wurde 1930 vom Gutshof Austr\u00e5tt ausgegliedert. \u00a0Wir m\u00f6chten gern den Ausdruck Agrotourismus benutzen, weil dieser Begriff in Europa weitverbreitet ist. Im Herbst 2015 haben wir ein gro\u00dfes Renovierungsprojekt begonnen und die K\u00e5rstua und die Betriebsgeb\u00e4ude befinden sich heute in einem sehr guten Zustand. Wir haben aber sehr viel Wert darauf gelegt, die Seele der alten Geb\u00e4ude zu erhalten.<\/p>\n<figure id=\"attachment_3831\" aria-describedby=\"caption-attachment-3831\" style=\"width: 500px\" class=\"wp-caption alignright\"><img loading=\"lazy\" decoding=\"async\" src=\"https:\/\/austratt-agrotourismus.de\/wp-content\/uploads\/2015\/11\/forsidebilde-500x375.jpg\" alt=\"Austr\u00e5tt agroturisme, Urlaub auf dem Bauernhof, Austr\u00e5tt landwirtschaftliche wirtschaftsgemeinschaft, g\u00e5rdsturisme, \u00f6kologisches landbau, Zwei Leute stehen in den Gem\u00fcsefeldern, zeigt feines Gem\u00fcse\" width=\"500\" height=\"375\" \/><figcaption id=\"caption-attachment-3831\" class=\"wp-caption-text\">Tolle Gem\u00fcse<\/figcaption><\/figure>\n<h2>Urlaub auf dem Bauernhof in Norwegen \u2013 Agrotourismus<\/h2>\n<p>Agrotourismus ist als Begriff nicht sehr bekannt in Norwegen, aber wenn man nach Deutschland, Italien, Schweiz oder \u00d6sterreich schaut, finden sich dort viele, die es betreiben. Das Konzept sieht vor, dass man \u00dcbernachtungen auf dem Bauernhof anbietet und wobei die Produkte des Hofes und das Leben auf dem Hof mit einbezogen werden in das Angebot f\u00fcr die G\u00e4ste. Auf unserem Hof k\u00f6nnen die G\u00e4ste die K\u00e5rstua mieten und saisonal die \u00f6kologisch angebauten Gem\u00fcse und Fr\u00fcchte direkt vom Acker ernten. Den ganzen Sommer \u00fcber strotzt es nur so von herrlichem Gem\u00fcse und es ist ein Erlebnis auf den Acker zu gehen und zu ernten.<\/p>\n<p>Sie k\u00f6nnen auch tolle Felle von unseren Schafen kaufen. Die Rasse hei\u00dft Norwegisches Pelzschaf. Oder sie erholen sich einfach nur auf der Terrasse und sitzen auf St\u00fchlen und B\u00e4nken, die mit Schaffellen gepolstert sind.<\/p>\n<p>Lundasletta liegt gesch\u00fctzt und g\u00fcnstig in der N\u00e4he der Austr\u00e5ttburg, dem Austr\u00e5ttfort, dem Austr\u00e5ttwald , dem Golfplatz, dem Badestrand in der Storjektbucht und dem Austr\u00e5tt Sportboothafen. Wir meinen, nichts kann sich messen mit einem Sommertag in Austr\u00e5tt. Es ist herrlich auf gewundenen Pfaden durch den Austr\u00e5ttwald zum Meer zu wandern. Oder f\u00fcr die, die mehr Action m\u00f6chten: Fahrradfahren, Kajakpaddeln, Golf spielen oder eine Tour auf dem Fjord mit Segel oder Angelboot.<\/p>\n<p>Wir als Betreiber des Hofes hei\u00dfen Inger Murvold und Vidar Hovden Knutsen. Wir haben vier erwachsene Kinder, die uns ab und zu besuchen kommen. Unser j\u00fcngster Sohn Eirik ist auch F\u00fchrer beim Austr\u00e5ttfort und kann da angetroffen werden.<\/p>\n<p>Unser Hof hat 130 daa bewitschaftete Fl\u00e4che und ca. 100 das Weidefl\u00e4che in der N\u00e4he des Rusasetsees und dem Rusasetberg. 10daa werden gebraucht f\u00fcr die \u00f6kologische Gem\u00fcse und Beerenbau zusammen mit den Anteilseignern. Der Rest dient als Weide und zur Heuproduktion f\u00fcr die Schafe. Wir haben 70 Schafe der Rasse Norwegisches Pelzschaf.<\/p>\n","protected":false},"excerpt":{"rendered":"<p>\u00dcber unseren Hof Auf unserem Bauernhof betreiben wir Urlaub auf dem Bauernhof in Norwegen,&#8230;<\/p>\n","protected":false},"author":6,"featured_media":106,"parent":0,"menu_order":8,"comment_status":"closed","ping_status":"closed","template":"","meta":{"_acf_changed":false,"_analytify_skip_tracking":false,"_genesis_hide_title":false,"_genesis_hide_breadcrumbs":false,"_genesis_hide_singular_image":false,"_genesis_hide_footer_widgets":false,"_genesis_custom_body_class":"","_genesis_custom_post_class":"","_genesis_layout":"","footnotes":""},"class_list":{"0":"post-4155","1":"page","2":"type-page","3":"status-publish","4":"has-post-thumbnail","6":"entry"},"acf":[],"yoast_head":"<!-- This site is optimized with the Yoast SEO plugin v27.2 - https:\/\/yoast.com\/product\/yoast-seo-wordpress\/ -->\n<title>\u00dcber den Bauernhof - Austr\u00e5tt Agrotourismus - Urlaub auf dem Bauernhof in Norwegen<\/title>\n<meta name=\"description\" content=\"Unser Bauernhof hei\u00dft Lundasletta und wurde 1930 vom Gutshof Austr\u00e5tt ausgegliedert. Wir betreiben Urlaub auf dem Bauernhof in Norwegen, Schafzucht und\" \/>\n<meta name=\"robots\" content=\"index, follow, max-snippet:-1, max-image-preview:large, max-video-preview:-1\" \/>\n<link rel=\"canonical\" href=\"https:\/\/austratt-agroturisme.no\/om-garden\/\" \/>\n<meta property=\"og:locale\" content=\"de_DE\" \/>\n<meta property=\"og:type\" content=\"article\" \/>\n<meta property=\"og:title\" content=\"\u00dcber den Bauernhof - Austr\u00e5tt Agrotourismus - Urlaub auf dem Bauernhof in Norwegen\" \/>\n<meta property=\"og:description\" content=\"Unser Bauernhof hei\u00dft Lundasletta und wurde 1930 vom Gutshof Austr\u00e5tt ausgegliedert. Wir betreiben Urlaub auf dem Bauernhof in Norwegen, Schafzucht und\" \/>\n<meta property=\"og:url\" content=\"https:\/\/austratt-agroturisme.no\/om-garden\/\" \/>\n<meta property=\"og:site_name\" content=\"Austr\u00e5tt Agroturisme\" \/>\n<meta property=\"article:publisher\" content=\"https:\/\/www.facebook.com\/austratt.andelsjordbruk\/\" \/>\n<meta property=\"article:modified_time\" content=\"2018-01-26T16:50:13+00:00\" \/>\n<meta property=\"og:image\" content=\"https:\/\/austratt-agroturisme.no\/wp-content\/uploads\/2017\/09\/somedeling-1000x750.png\" \/>\n\t<meta property=\"og:image:width\" content=\"1000\" \/>\n\t<meta property=\"og:image:height\" content=\"750\" \/>\n\t<meta property=\"og:image:type\" content=\"image\/png\" \/>\n<meta name=\"twitter:card\" content=\"summary_large_image\" \/>\n<meta name=\"twitter:label1\" content=\"Gesch\u00e4tzte Lesezeit\" \/>\n\t<meta name=\"twitter:data1\" content=\"2 Minuten\" \/>\n<script type=\"application\/ld+json\" class=\"yoast-schema-graph\">{\"@context\":\"https:\/\/schema.org\",\"@graph\":[{\"@type\":\"WebPage\",\"@id\":\"https:\/\/austratt-agroturisme.no\/om-garden\/\",\"url\":\"https:\/\/austratt-agroturisme.no\/om-garden\/\",\"name\":\"\u00dcber den Bauernhof - Austr\u00e5tt Agrotourismus - Urlaub auf dem Bauernhof in Norwegen\",\"isPartOf\":{\"@id\":\"https:\/\/austratt-agroturisme.no\/#website\"},\"primaryImageOfPage\":{\"@id\":\"https:\/\/austratt-agroturisme.no\/om-garden\/#primaryimage\"},\"image\":{\"@id\":\"https:\/\/austratt-agroturisme.no\/om-garden\/#primaryimage\"},\"thumbnailUrl\":\"\",\"datePublished\":\"2017-05-02T11:59:57+00:00\",\"dateModified\":\"2018-01-26T16:50:13+00:00\",\"description\":\"Unser Bauernhof hei\u00dft Lundasletta und wurde 1930 vom Gutshof Austr\u00e5tt ausgegliedert. Wir betreiben Urlaub auf dem Bauernhof in Norwegen, Schafzucht und\",\"breadcrumb\":{\"@id\":\"https:\/\/austratt-agroturisme.no\/om-garden\/#breadcrumb\"},\"inLanguage\":\"de-DE\",\"potentialAction\":[{\"@type\":\"ReadAction\",\"target\":[\"https:\/\/austratt-agroturisme.no\/om-garden\/\"]}]},{\"@type\":\"ImageObject\",\"inLanguage\":\"de-DE\",\"@id\":\"https:\/\/austratt-agroturisme.no\/om-garden\/#primaryimage\",\"url\":\"\",\"contentUrl\":\"\"},{\"@type\":\"BreadcrumbList\",\"@id\":\"https:\/\/austratt-agroturisme.no\/om-garden\/#breadcrumb\",\"itemListElement\":[{\"@type\":\"ListItem\",\"position\":1,\"name\":\"Hjem\",\"item\":\"https:\/\/austratt-agroturisme.no\/de\/\"},{\"@type\":\"ListItem\",\"position\":2,\"name\":\"\u00dcber den Bauernhof\"}]},{\"@type\":\"WebSite\",\"@id\":\"https:\/\/austratt-agroturisme.no\/#website\",\"url\":\"https:\/\/austratt-agroturisme.no\/\",\"name\":\"Austr\u00e5tt Agroturisme\",\"description\":\"\",\"publisher\":{\"@id\":\"https:\/\/austratt-agroturisme.no\/#organization\"},\"potentialAction\":[{\"@type\":\"SearchAction\",\"target\":{\"@type\":\"EntryPoint\",\"urlTemplate\":\"https:\/\/austratt-agroturisme.no\/?s={search_term_string}\"},\"query-input\":{\"@type\":\"PropertyValueSpecification\",\"valueRequired\":true,\"valueName\":\"search_term_string\"}}],\"inLanguage\":\"de-DE\"},{\"@type\":\"Organization\",\"@id\":\"https:\/\/austratt-agroturisme.no\/#organization\",\"name\":\"Austr\u00e5tt Agroturisme\",\"url\":\"https:\/\/austratt-agroturisme.no\/\",\"logo\":{\"@type\":\"ImageObject\",\"inLanguage\":\"de-DE\",\"@id\":\"https:\/\/austratt-agroturisme.no\/#\/schema\/logo\/image\/\",\"url\":\"https:\/\/austratt-agroturisme.no\/wp-content\/uploads\/2017\/09\/logoyoast.png\",\"contentUrl\":\"https:\/\/austratt-agroturisme.no\/wp-content\/uploads\/2017\/09\/logoyoast.png\",\"width\":\"270\",\"height\":\"106\",\"caption\":\"Austr\u00e5tt Agroturisme\"},\"image\":{\"@id\":\"https:\/\/austratt-agroturisme.no\/#\/schema\/logo\/image\/\"},\"sameAs\":[\"https:\/\/www.facebook.com\/austratt.andelsjordbruk\/\"]}]}<\/script>\n<!-- \/ Yoast SEO plugin. -->","yoast_head_json":{"title":"\u00dcber den Bauernhof - Austr\u00e5tt Agrotourismus - Urlaub auf dem Bauernhof in Norwegen","description":"Unser Bauernhof hei\u00dft Lundasletta und wurde 1930 vom Gutshof Austr\u00e5tt ausgegliedert. Wir betreiben Urlaub auf dem Bauernhof in Norwegen, Schafzucht und","robots":{"index":"index","follow":"follow","max-snippet":"max-snippet:-1","max-image-preview":"max-image-preview:large","max-video-preview":"max-video-preview:-1"},"canonical":"https:\/\/austratt-agroturisme.no\/om-garden\/","og_locale":"de_DE","og_type":"article","og_title":"\u00dcber den Bauernhof - Austr\u00e5tt Agrotourismus - Urlaub auf dem Bauernhof in Norwegen","og_description":"Unser Bauernhof hei\u00dft Lundasletta und wurde 1930 vom Gutshof Austr\u00e5tt ausgegliedert. Wir betreiben Urlaub auf dem Bauernhof in Norwegen, Schafzucht und","og_url":"https:\/\/austratt-agroturisme.no\/om-garden\/","og_site_name":"Austr\u00e5tt Agroturisme","article_publisher":"https:\/\/www.facebook.com\/austratt.andelsjordbruk\/","article_modified_time":"2018-01-26T16:50:13+00:00","og_image":[{"width":1000,"height":750,"url":"https:\/\/austratt-agroturisme.no\/wp-content\/uploads\/2017\/09\/somedeling-1000x750.png","type":"image\/png"}],"twitter_card":"summary_large_image","twitter_misc":{"Gesch\u00e4tzte Lesezeit":"2 Minuten"},"schema":{"@context":"https:\/\/schema.org","@graph":[{"@type":"WebPage","@id":"https:\/\/austratt-agroturisme.no\/om-garden\/","url":"https:\/\/austratt-agroturisme.no\/om-garden\/","name":"\u00dcber den Bauernhof - Austr\u00e5tt Agrotourismus - Urlaub auf dem Bauernhof in Norwegen","isPartOf":{"@id":"https:\/\/austratt-agroturisme.no\/#website"},"primaryImageOfPage":{"@id":"https:\/\/austratt-agroturisme.no\/om-garden\/#primaryimage"},"image":{"@id":"https:\/\/austratt-agroturisme.no\/om-garden\/#primaryimage"},"thumbnailUrl":"","datePublished":"2017-05-02T11:59:57+00:00","dateModified":"2018-01-26T16:50:13+00:00","description":"Unser Bauernhof hei\u00dft Lundasletta und wurde 1930 vom Gutshof Austr\u00e5tt ausgegliedert. Wir betreiben Urlaub auf dem Bauernhof in Norwegen, Schafzucht und","breadcrumb":{"@id":"https:\/\/austratt-agroturisme.no\/om-garden\/#breadcrumb"},"inLanguage":"de-DE","potentialAction":[{"@type":"ReadAction","target":["https:\/\/austratt-agroturisme.no\/om-garden\/"]}]},{"@type":"ImageObject","inLanguage":"de-DE","@id":"https:\/\/austratt-agroturisme.no\/om-garden\/#primaryimage","url":"","contentUrl":""},{"@type":"BreadcrumbList","@id":"https:\/\/austratt-agroturisme.no\/om-garden\/#breadcrumb","itemListElement":[{"@type":"ListItem","position":1,"name":"Hjem","item":"https:\/\/austratt-agroturisme.no\/de\/"},{"@type":"ListItem","position":2,"name":"\u00dcber den Bauernhof"}]},{"@type":"WebSite","@id":"https:\/\/austratt-agroturisme.no\/#website","url":"https:\/\/austratt-agroturisme.no\/","name":"Austr\u00e5tt Agroturisme","description":"","publisher":{"@id":"https:\/\/austratt-agroturisme.no\/#organization"},"potentialAction":[{"@type":"SearchAction","target":{"@type":"EntryPoint","urlTemplate":"https:\/\/austratt-agroturisme.no\/?s={search_term_string}"},"query-input":{"@type":"PropertyValueSpecification","valueRequired":true,"valueName":"search_term_string"}}],"inLanguage":"de-DE"},{"@type":"Organization","@id":"https:\/\/austratt-agroturisme.no\/#organization","name":"Austr\u00e5tt Agroturisme","url":"https:\/\/austratt-agroturisme.no\/","logo":{"@type":"ImageObject","inLanguage":"de-DE","@id":"https:\/\/austratt-agroturisme.no\/#\/schema\/logo\/image\/","url":"https:\/\/austratt-agroturisme.no\/wp-content\/uploads\/2017\/09\/logoyoast.png","contentUrl":"https:\/\/austratt-agroturisme.no\/wp-content\/uploads\/2017\/09\/logoyoast.png","width":"270","height":"106","caption":"Austr\u00e5tt Agroturisme"},"image":{"@id":"https:\/\/austratt-agroturisme.no\/#\/schema\/logo\/image\/"},"sameAs":["https:\/\/www.facebook.com\/austratt.andelsjordbruk\/"]}]}},"_links":{"self":[{"href":"https:\/\/austratt-agroturisme.no\/de\/wp-json\/wp\/v2\/pages\/4155","targetHints":{"allow":["GET"]}}],"collection":[{"href":"https:\/\/austratt-agroturisme.no\/de\/wp-json\/wp\/v2\/pages"}],"about":[{"href":"https:\/\/austratt-agroturisme.no\/de\/wp-json\/wp\/v2\/types\/page"}],"author":[{"embeddable":true,"href":"https:\/\/austratt-agroturisme.no\/de\/wp-json\/wp\/v2\/users\/6"}],"replies":[{"embeddable":true,"href":"https:\/\/austratt-agroturisme.no\/de\/wp-json\/wp\/v2\/comments?post=4155"}],"version-history":[{"count":0,"href":"https:\/\/austratt-agroturisme.no\/de\/wp-json\/wp\/v2\/pages\/4155\/revisions"}],"wp:featuredmedia":[{"embeddable":true,"href":"https:\/\/austratt-agroturisme.no\/de\/wp-json\/"}],"wp:attachment":[{"href":"https:\/\/austratt-agroturisme.no\/de\/wp-json\/wp\/v2\/media?parent=4155"}],"curies":[{"name":"wp","href":"https:\/\/api.w.org\/{rel}","templated":true}]}}