{"id":4162,"date":"2017-04-12T12:56:02","date_gmt":"2017-04-12T10:56:02","guid":{"rendered":"https:\/\/austratt-agroturisme.no\/sunn-mat\/"},"modified":"2018-01-17T22:13:58","modified_gmt":"2018-01-17T21:13:58","slug":"gesundes-essen","status":"publish","type":"page","link":"https:\/\/austratt-agroturisme.no\/de\/gesundes-essen\/","title":{"rendered":"Landwirtschaftliche Wirtschaftsgemeinschaft"},"content":{"rendered":"<h3>Austr\u00e5tt Agrotourismus und die Landwirtschaftliche Wirtschaftsgemeinschaft<\/h3>\n<p>Ein Aufenhalt bei Austr\u00e5tt Agrotourismus gibt Ihnen das Recht, eigenes Gem\u00fcse oder Beeren zu ernten. Im Sommer organisieren \u00a0wir regelm\u00e4ssige Arbeitssitzungen f\u00fcr die Anteilseignern. Unsere G\u00e4ste k\u00f6nnen gerne teilnehmen wenn Sie es w\u00fcnschen.\u00a0Sowohl Erwachsene als auch Kinder treffen sich, wenn wir den Hinweis auf Facebook ver\u00f6ffentlichen.<\/p>\n<h3>Gesundes Essen aus dem eigenen &#8220;K\u00fcchengarten&#8221;<\/h3>\n<figure id=\"attachment_4051\" aria-describedby=\"caption-attachment-4051\" style=\"width: 300px\" class=\"wp-caption alignright\"><img loading=\"lazy\" decoding=\"async\" src=\"https:\/\/austratt-agroturisme.no\/wp-content\/uploads\/2017\/08\/p8039887-300x300.jpg\" alt=\"Austr\u00e5tt landwirkschaftliche wirkschaftsgemeinschaft, Austr\u00e5tt agrotourismus, gesundes essen, zwei Leuten im Feld arbeiten, zuckererbsen aufbinden\" width=\"300\" height=\"212\" \/><figcaption id=\"caption-attachment-4051\" class=\"wp-caption-text\">Zuckererbsen<\/figcaption><\/figure>\n<p>In einer Landwirtschaftliche Wirtschaftsgemeinschaft (Community Supported Agriculture &#8211; CSA) kann man zusammen mit anderen gesunde Essen anbauen. Gem\u00fcse und Fr\u00fcchte werden nach \u00f6kologischen Prinzipien angebaut. Kinder und Erwachsene k\u00f6nnen hier zusammen ein besseres Verst\u00e4ndnis bekommen, wie gesundes Essen produziert wird. Der Bauer stellt das zu bestellende Land zur Verf\u00fcgung und h\u00e4lt die ben\u00f6tigten Maschinen und Ausr\u00fcstung vor. Die Anteilseigner nehmen an allen einzelnen Schritten der Nahrungsmittelproduktion teil, wie s\u00e4en, pflanzen, Kartoffeln setzen und selbstverst\u00e4ndlich ernten, wenn die Zeit gekommen ist. Wir m\u00f6chten die Nahrungsmittel nach \u00f6kologischen Prinzipien produzieren. Anmeldungen hierf\u00fcr gelten f\u00fcr ein Jahr und es wird im Voraus bezahlt. Die Anteilseigner \u00fcbernehmen hierbei auch einen Teil des Produktionsrisikos.<\/p>\n<h4>Die Landwirtschaftliche Wirtschaftsgemeinschaft hat zwei Konzepte:<\/h4>\n<ul>\n<li>Anteilseigner, die ihren Anteil des Ertrages ernten<\/li>\n<li>Mieten von fertig vorbereiteten Parzellen<\/li>\n<\/ul>\n<h4>Es sind keine Vorkenntnisse n\u00f6tig<\/h4>\n<figure id=\"attachment_3963\" aria-describedby=\"caption-attachment-3963\" style=\"width: 300px\" class=\"wp-caption alignright\"><img loading=\"lazy\" decoding=\"async\" src=\"https:\/\/austratt-agrotourismus.de\/wp-content\/uploads\/2017\/07\/p7229681-500x375.jpg\" alt=\"Austr\u00e5tt Landwirtschaftliche Wirtschaftsgemeinschaft, Austr\u00e5tt agrotourismus, gesundes essen, Die Zwiebeln und Die Salate in biologisch abbaubar lanted Unkraut Barriere geplanzt\" width=\"300\" height=\"225\" \/><figcaption id=\"caption-attachment-3963\" class=\"wp-caption-text\">Biologisch abbaubar Unkraut Barriere<\/figcaption><\/figure>\n<p>Ein Anteilseigner bei der Austr\u00e5tt\u00a0Landwirtschaftliche Wirtschaftsgemeinschaft braucht keine gro\u00dfen landwirtschaftlichen Vorkenntnisse voraus. Wenn Sie Lust haben eigenes Gem\u00fcse anzubauen, aber meinen ihr Wissen reicht hierf\u00fcr nicht aus, sind Sie bei uns genau richtig. Wir teilen gern unsere Erfahrung und<\/p>\n<p>m\u00f6chten, dass Sie sich bei uns wohlf\u00fchlen.<\/p>\n<h4>Austr\u00e5tt\u00a0Landwirtschaftliche Wirtschaftsgemeinschaft ist nur eine von vielen<\/h4>\n<p>International existiert der Begriff\u00a0Landwirtschaftliche Wirtschaftsgemeinschaft oder Community Supported Agriculture (CSA) schon mehrere Dekaden. In Norwegen ist allerdings das Interesse f\u00fcr diese Produktionsform erst in den letzten Jahren gestiegen und im Jahr 2016 waren wir eine von 18 Eignergemeinschaften. Mehr k\u00f6nnen sie auf der Internetseite <a href=\"https:\/\/andelslandbruk.no\" target=\"_blank\" rel=\"noopener\">andelslandbruk.no<\/a> finden.<\/p>\n<h4><\/h4>\n<figure id=\"attachment_4017\" aria-describedby=\"caption-attachment-4017\" style=\"width: 300px\" class=\"wp-caption alignright\"><img loading=\"lazy\" decoding=\"async\" src=\"https:\/\/austratt-agrotourismus.de\/wp-content\/uploads\/2017\/08\/p6039467-500x375.jpg\" alt=\"Austr\u00e5tt agrotourismus, Austr\u00e5tt landwirkschaftlige wirkschaftsgemeinschaft, der kaffeekessel h\u00e4ngt an der lagerfeuerpfanne.\" width=\"300\" height=\"225\" \/><figcaption id=\"caption-attachment-4017\" class=\"wp-caption-text\">Arbeit unterbrechen mit Kaffee<\/figcaption><\/figure>\n<p>&nbsp;<\/p>\n<h4><\/h4>\n<h3><\/h3>\n<p>&nbsp;<\/p>\n<p>&nbsp;<\/p>\n<h3><\/h3>\n<p>&nbsp;<\/p>\n<p>&nbsp;<\/p>\n<h3>\n\t\tGalleri<br \/>\n\t<\/h3>\n","protected":false},"excerpt":{"rendered":"<p>Austr\u00e5tt Agrotourismus und die Landwirtschaftliche Wirtschaftsgemeinschaft Ein Aufenhalt bei Austr\u00e5tt Agrotourismus gibt Ihnen das&#8230;<\/p>\n","protected":false},"author":6,"featured_media":106,"parent":0,"menu_order":1,"comment_status":"closed","ping_status":"closed","template":"","meta":{"_acf_changed":false,"_analytify_skip_tracking":false,"_genesis_hide_title":false,"_genesis_hide_breadcrumbs":false,"_genesis_hide_singular_image":false,"_genesis_hide_footer_widgets":false,"_genesis_custom_body_class":"","_genesis_custom_post_class":"","_genesis_layout":"","footnotes":""},"class_list":{"0":"post-4162","1":"page","2":"type-page","3":"status-publish","4":"has-post-thumbnail","6":"entry"},"acf":[],"yoast_head":"<!-- This site is optimized with the Yoast SEO plugin v27.2 - https:\/\/yoast.com\/product\/yoast-seo-wordpress\/ -->\n<title>Gesundes Essen - Austr\u00e5tt Landwirtschaftliche Wirtschaftsgemeinschaft<\/title>\n<meta name=\"description\" content=\"In einer Landwirkschaftliche Wirkschaftsgemeinschaft Sie k\u00f6nnen zusammen mit vielen anderen gesundes Essen anbauen. Gem\u00fcse und Beeren werden nach \u00f6kologisch\" \/>\n<meta name=\"robots\" content=\"index, follow, max-snippet:-1, max-image-preview:large, max-video-preview:-1\" \/>\n<link rel=\"canonical\" href=\"https:\/\/austratt-agroturisme.no\/sunn-mat\/\" \/>\n<meta property=\"og:locale\" content=\"de_DE\" \/>\n<meta property=\"og:type\" content=\"article\" \/>\n<meta property=\"og:title\" content=\"Gesundes Essen - Austr\u00e5tt Landwirtschaftliche Wirtschaftsgemeinschaft\" \/>\n<meta property=\"og:description\" content=\"In einer Landwirkschaftliche Wirkschaftsgemeinschaft Sie k\u00f6nnen zusammen mit vielen anderen gesundes Essen anbauen. Gem\u00fcse und Beeren werden nach \u00f6kologisch\" \/>\n<meta property=\"og:url\" content=\"https:\/\/austratt-agroturisme.no\/sunn-mat\/\" \/>\n<meta property=\"og:site_name\" content=\"Austr\u00e5tt Agroturisme\" \/>\n<meta property=\"article:publisher\" content=\"https:\/\/www.facebook.com\/austratt.andelsjordbruk\/\" \/>\n<meta property=\"article:modified_time\" content=\"2018-01-17T21:13:58+00:00\" \/>\n<meta property=\"og:image\" content=\"https:\/\/austratt-agroturisme.no\/wp-content\/uploads\/2017\/09\/somedeling-1000x750.png\" \/>\n\t<meta property=\"og:image:width\" content=\"1000\" \/>\n\t<meta property=\"og:image:height\" content=\"750\" \/>\n\t<meta property=\"og:image:type\" content=\"image\/png\" \/>\n<meta name=\"twitter:card\" content=\"summary_large_image\" \/>\n<meta name=\"twitter:label1\" content=\"Gesch\u00e4tzte Lesezeit\" \/>\n\t<meta name=\"twitter:data1\" content=\"2 Minuten\" \/>\n<script type=\"application\/ld+json\" class=\"yoast-schema-graph\">{\"@context\":\"https:\/\/schema.org\",\"@graph\":[{\"@type\":\"WebPage\",\"@id\":\"https:\/\/austratt-agroturisme.no\/sunn-mat\/\",\"url\":\"https:\/\/austratt-agroturisme.no\/sunn-mat\/\",\"name\":\"Gesundes Essen - Austr\u00e5tt Landwirtschaftliche Wirtschaftsgemeinschaft\",\"isPartOf\":{\"@id\":\"https:\/\/austratt-agroturisme.no\/#website\"},\"primaryImageOfPage\":{\"@id\":\"https:\/\/austratt-agroturisme.no\/sunn-mat\/#primaryimage\"},\"image\":{\"@id\":\"https:\/\/austratt-agroturisme.no\/sunn-mat\/#primaryimage\"},\"thumbnailUrl\":\"\",\"datePublished\":\"2017-04-12T10:56:02+00:00\",\"dateModified\":\"2018-01-17T21:13:58+00:00\",\"description\":\"In einer Landwirkschaftliche Wirkschaftsgemeinschaft Sie k\u00f6nnen zusammen mit vielen anderen gesundes Essen anbauen. Gem\u00fcse und Beeren werden nach \u00f6kologisch\",\"breadcrumb\":{\"@id\":\"https:\/\/austratt-agroturisme.no\/sunn-mat\/#breadcrumb\"},\"inLanguage\":\"de-DE\",\"potentialAction\":[{\"@type\":\"ReadAction\",\"target\":[\"https:\/\/austratt-agroturisme.no\/sunn-mat\/\"]}]},{\"@type\":\"ImageObject\",\"inLanguage\":\"de-DE\",\"@id\":\"https:\/\/austratt-agroturisme.no\/sunn-mat\/#primaryimage\",\"url\":\"\",\"contentUrl\":\"\"},{\"@type\":\"BreadcrumbList\",\"@id\":\"https:\/\/austratt-agroturisme.no\/sunn-mat\/#breadcrumb\",\"itemListElement\":[{\"@type\":\"ListItem\",\"position\":1,\"name\":\"Hjem\",\"item\":\"https:\/\/austratt-agroturisme.no\/de\/\"},{\"@type\":\"ListItem\",\"position\":2,\"name\":\"Landwirtschaftliche Wirtschaftsgemeinschaft\"}]},{\"@type\":\"WebSite\",\"@id\":\"https:\/\/austratt-agroturisme.no\/#website\",\"url\":\"https:\/\/austratt-agroturisme.no\/\",\"name\":\"Austr\u00e5tt Agroturisme\",\"description\":\"\",\"publisher\":{\"@id\":\"https:\/\/austratt-agroturisme.no\/#organization\"},\"potentialAction\":[{\"@type\":\"SearchAction\",\"target\":{\"@type\":\"EntryPoint\",\"urlTemplate\":\"https:\/\/austratt-agroturisme.no\/?s={search_term_string}\"},\"query-input\":{\"@type\":\"PropertyValueSpecification\",\"valueRequired\":true,\"valueName\":\"search_term_string\"}}],\"inLanguage\":\"de-DE\"},{\"@type\":\"Organization\",\"@id\":\"https:\/\/austratt-agroturisme.no\/#organization\",\"name\":\"Austr\u00e5tt Agroturisme\",\"url\":\"https:\/\/austratt-agroturisme.no\/\",\"logo\":{\"@type\":\"ImageObject\",\"inLanguage\":\"de-DE\",\"@id\":\"https:\/\/austratt-agroturisme.no\/#\/schema\/logo\/image\/\",\"url\":\"https:\/\/austratt-agroturisme.no\/wp-content\/uploads\/2017\/09\/logoyoast.png\",\"contentUrl\":\"https:\/\/austratt-agroturisme.no\/wp-content\/uploads\/2017\/09\/logoyoast.png\",\"width\":\"270\",\"height\":\"106\",\"caption\":\"Austr\u00e5tt Agroturisme\"},\"image\":{\"@id\":\"https:\/\/austratt-agroturisme.no\/#\/schema\/logo\/image\/\"},\"sameAs\":[\"https:\/\/www.facebook.com\/austratt.andelsjordbruk\/\"]}]}<\/script>\n<!-- \/ Yoast SEO plugin. -->","yoast_head_json":{"title":"Gesundes Essen - Austr\u00e5tt Landwirtschaftliche Wirtschaftsgemeinschaft","description":"In einer Landwirkschaftliche Wirkschaftsgemeinschaft Sie k\u00f6nnen zusammen mit vielen anderen gesundes Essen anbauen. Gem\u00fcse und Beeren werden nach \u00f6kologisch","robots":{"index":"index","follow":"follow","max-snippet":"max-snippet:-1","max-image-preview":"max-image-preview:large","max-video-preview":"max-video-preview:-1"},"canonical":"https:\/\/austratt-agroturisme.no\/sunn-mat\/","og_locale":"de_DE","og_type":"article","og_title":"Gesundes Essen - Austr\u00e5tt Landwirtschaftliche Wirtschaftsgemeinschaft","og_description":"In einer Landwirkschaftliche Wirkschaftsgemeinschaft Sie k\u00f6nnen zusammen mit vielen anderen gesundes Essen anbauen. Gem\u00fcse und Beeren werden nach \u00f6kologisch","og_url":"https:\/\/austratt-agroturisme.no\/sunn-mat\/","og_site_name":"Austr\u00e5tt Agroturisme","article_publisher":"https:\/\/www.facebook.com\/austratt.andelsjordbruk\/","article_modified_time":"2018-01-17T21:13:58+00:00","og_image":[{"width":1000,"height":750,"url":"https:\/\/austratt-agroturisme.no\/wp-content\/uploads\/2017\/09\/somedeling-1000x750.png","type":"image\/png"}],"twitter_card":"summary_large_image","twitter_misc":{"Gesch\u00e4tzte Lesezeit":"2 Minuten"},"schema":{"@context":"https:\/\/schema.org","@graph":[{"@type":"WebPage","@id":"https:\/\/austratt-agroturisme.no\/sunn-mat\/","url":"https:\/\/austratt-agroturisme.no\/sunn-mat\/","name":"Gesundes Essen - Austr\u00e5tt Landwirtschaftliche Wirtschaftsgemeinschaft","isPartOf":{"@id":"https:\/\/austratt-agroturisme.no\/#website"},"primaryImageOfPage":{"@id":"https:\/\/austratt-agroturisme.no\/sunn-mat\/#primaryimage"},"image":{"@id":"https:\/\/austratt-agroturisme.no\/sunn-mat\/#primaryimage"},"thumbnailUrl":"","datePublished":"2017-04-12T10:56:02+00:00","dateModified":"2018-01-17T21:13:58+00:00","description":"In einer Landwirkschaftliche Wirkschaftsgemeinschaft Sie k\u00f6nnen zusammen mit vielen anderen gesundes Essen anbauen. Gem\u00fcse und Beeren werden nach \u00f6kologisch","breadcrumb":{"@id":"https:\/\/austratt-agroturisme.no\/sunn-mat\/#breadcrumb"},"inLanguage":"de-DE","potentialAction":[{"@type":"ReadAction","target":["https:\/\/austratt-agroturisme.no\/sunn-mat\/"]}]},{"@type":"ImageObject","inLanguage":"de-DE","@id":"https:\/\/austratt-agroturisme.no\/sunn-mat\/#primaryimage","url":"","contentUrl":""},{"@type":"BreadcrumbList","@id":"https:\/\/austratt-agroturisme.no\/sunn-mat\/#breadcrumb","itemListElement":[{"@type":"ListItem","position":1,"name":"Hjem","item":"https:\/\/austratt-agroturisme.no\/de\/"},{"@type":"ListItem","position":2,"name":"Landwirtschaftliche Wirtschaftsgemeinschaft"}]},{"@type":"WebSite","@id":"https:\/\/austratt-agroturisme.no\/#website","url":"https:\/\/austratt-agroturisme.no\/","name":"Austr\u00e5tt Agroturisme","description":"","publisher":{"@id":"https:\/\/austratt-agroturisme.no\/#organization"},"potentialAction":[{"@type":"SearchAction","target":{"@type":"EntryPoint","urlTemplate":"https:\/\/austratt-agroturisme.no\/?s={search_term_string}"},"query-input":{"@type":"PropertyValueSpecification","valueRequired":true,"valueName":"search_term_string"}}],"inLanguage":"de-DE"},{"@type":"Organization","@id":"https:\/\/austratt-agroturisme.no\/#organization","name":"Austr\u00e5tt Agroturisme","url":"https:\/\/austratt-agroturisme.no\/","logo":{"@type":"ImageObject","inLanguage":"de-DE","@id":"https:\/\/austratt-agroturisme.no\/#\/schema\/logo\/image\/","url":"https:\/\/austratt-agroturisme.no\/wp-content\/uploads\/2017\/09\/logoyoast.png","contentUrl":"https:\/\/austratt-agroturisme.no\/wp-content\/uploads\/2017\/09\/logoyoast.png","width":"270","height":"106","caption":"Austr\u00e5tt Agroturisme"},"image":{"@id":"https:\/\/austratt-agroturisme.no\/#\/schema\/logo\/image\/"},"sameAs":["https:\/\/www.facebook.com\/austratt.andelsjordbruk\/"]}]}},"_links":{"self":[{"href":"https:\/\/austratt-agroturisme.no\/de\/wp-json\/wp\/v2\/pages\/4162","targetHints":{"allow":["GET"]}}],"collection":[{"href":"https:\/\/austratt-agroturisme.no\/de\/wp-json\/wp\/v2\/pages"}],"about":[{"href":"https:\/\/austratt-agroturisme.no\/de\/wp-json\/wp\/v2\/types\/page"}],"author":[{"embeddable":true,"href":"https:\/\/austratt-agroturisme.no\/de\/wp-json\/wp\/v2\/users\/6"}],"replies":[{"embeddable":true,"href":"https:\/\/austratt-agroturisme.no\/de\/wp-json\/wp\/v2\/comments?post=4162"}],"version-history":[{"count":0,"href":"https:\/\/austratt-agroturisme.no\/de\/wp-json\/wp\/v2\/pages\/4162\/revisions"}],"wp:featuredmedia":[{"embeddable":true,"href":"https:\/\/austratt-agroturisme.no\/de\/wp-json\/"}],"wp:attachment":[{"href":"https:\/\/austratt-agroturisme.no\/de\/wp-json\/wp\/v2\/media?parent=4162"}],"curies":[{"name":"wp","href":"https:\/\/api.w.org\/{rel}","templated":true}]}}