{"id":5499,"date":"2025-12-19T12:57:00","date_gmt":"2025-12-19T11:57:00","guid":{"rendered":"https:\/\/austrattdev.wpenginepowered.com\/overnatting-feriehus\/"},"modified":"2026-02-05T17:10:31","modified_gmt":"2026-02-05T16:10:31","slug":"2overnatting-feriehus","status":"publish","type":"page","link":"https:\/\/austratt-agroturisme.no\/de\/2overnatting-feriehus\/","title":{"rendered":"Unterkunft"},"content":{"rendered":"\n\n<h1>\n\t\t\tZeit f\u00fcreinander &#8211; Platz f\u00fcr alle\t<\/h1>\n\t<p>Tauschen Sie enge Hotelzimmer gegen gemeinsames Beisammensein. Hier \u00fcbernachten Sie gro\u00dfz\u00fcgig unter einem Dach, mit der Natur als n\u00e4chstem Nachbarn.<\/p>\n\t\t\t<a href=\"https:\/\/austratt-agroturisme.no\/de\/buchen\/\"  target=\"_self\">\n\t\t\t\t\t\t\tVerf\u00fcgbarkeit pr\u00fcfen\n\t\t\t<\/a>\n\t\t\t<a href=\"#mer-om-oppholdet\"  target=\"_self\">\n\t\t\t\t\t\t\tMehr \u00fcber den Aufenthalt\n\t\t\t<\/a>\n<h2>\n\t\t\tPrivatsph\u00e4re\t<\/h2>\n\t<p>Sie nutzen das gesamte Haus und den Garten exklusiv.<\/p>\n<h2>\n\t\t\tPlatz f\u00fcr alle\t<\/h2>\n\t<p>16 Schlafpl\u00e4tze in 4 Schlafzimmern, gro\u00dfz\u00fcgige Aufenthaltsr\u00e4ume und eine voll ausgestattete K\u00fcche.<\/p>\n<h2>\n\t\t\tEinzigartige Lage\t<\/h2>\n\t<p>Wohnen Sie mitten in der Kulturlandschaft, direkt neben der Austr\u00e5ttborgen.<\/p>\n\t<p>Ungest\u00f6rt wohnen<\/p>\n<h2>\n\t\t\tIhr eigenes Zuhause auf dem Hof\t<\/h2>\n\t<p>Genie\u00dfen Sie die Freiheit, ganz f\u00fcr sich zu sein. Im Bauernhaus stehen Ihnen 150 m\u00b2 exklusiv zur Verf\u00fcgung, ohne andere G\u00e4ste. Hier k\u00f6nnen Sie zur Ruhe kommen und entspannen.<\/p>\n<figure itemscope itemtype=\"https:\/\/schema.org\/ImageObject\">\n\t\t\t\t<img decoding=\"async\" src=\"https:\/\/austratt-agroturisme.no\/wp-content\/uploads\/2021\/07\/p6200650-1.jpg\" alt=\"\u00d6rland, Austr\u00e5tt, Austr\u00e5tt agroturismus, rote Scheune im Hintergrund, sonniger Tag und blauer Himmeles Haus in der Mitte,ol og bl\u00e5 himmel\" height=\"1499\" width=\"2000\" onerror=\"this.style.display='none'\" loading=\"lazy\" \/>\n\t<\/figure>\n\t<p>5\/5<\/p>\n\t<a href=\"https:\/\/www.airbnb.no\/rooms\/26220493\/reviews?source_impression_id=p3_1766153432_P3HT_jiulCTNM2hP\" target=\"_blank\" rel=\"noopener\"><br \/>\nAirBnb<br \/>\n<\/a>\n\t<p>9,7\/10<\/p>\n\t<a href=\"https:\/\/www.booking.com\/hotel\/no\/karstua.no.html?chal_t=1765545806141&amp;force_referer=https%3A%2F%2Fwww.google.com%2F#tab-reviews\" target=\"_blank\" rel=\"noopener\"><br \/>\nBooking.com<br \/>\n<\/a>\n\t<p>4,6\/5<\/p>\n\t<a href=\"https:\/\/www.google.com\/search?sca_esv=6e231c42ce1b23dd&amp;rlz=1C5CHFA_enNO1174NO1176&amp;q=austr%C3%A5tt+agroturisme&amp;si=AMgyJEtREmoPL4P1I5IDCfuA8gybfVI2d5Uj7QMwYCZHKDZ-E_Pv_utCoxjuLk8Mcnl4dtwNHfPA5wt8Nr7iKvaEzmcHVrNyvcEwY5mt4loc4H-HA5KlAPQ%3D&amp;uds=AOm0WdFBvY2LKXs9H9KYsBlzmzqjTPQ9rknY1Z-mOfDl2RBB_9Hi7YyYOvlIEyfiIvQ7t1VLVrXP_nt-65Mqu4FmaeNv2yE8ScE2TD9sPh05fNFnpa_m-PK5Flzf-_A3dO1nSND4XPnh&amp;sa=X&amp;ved=2ahUKEwjtqIyh7MmRAxXePhAIHV5dCggQ3PALegQIPBAF&amp;biw=1386&amp;bih=1119&amp;dpr=1\" target=\"_blank\" rel=\"noopener\"><br \/>\nGoogle<br \/>\n<\/a>\n\t<p>Der Aufenthalt<\/p>\n<h2>\n\t\t\tSo wohnen Sie\t<\/h2>\n\t<p>Teile des Hauses wurden renoviert, haben aber ihren urspr\u00fcnglichen Charakter bewahrt. Hier finden Sie alles, was Sie brauchen: WLAN, Geschirrsp\u00fcler, Waschmaschine und frisch bezogene Betten bei Ankunft.<\/p>\n<figure itemscope itemtype=\"https:\/\/schema.org\/ImageObject\">\n\t\t\t\t<img decoding=\"async\" src=\"https:\/\/austratt-agroturisme.no\/wp-content\/uploads\/2021\/07\/p6280699.jpg\" alt=\"\u00d6rland, Austraatt agroturismus, Norwegisches pelzschaf, junges M\u00e4dchen strichelt ein Lamm\" height=\"1500\" width=\"2000\" title=\"Die L\u00e4mmer sind beliebt\" onerror=\"this.style.display='none'\" loading=\"lazy\" \/>\n\t<\/figure>\n\t<p>Ausstattung<\/p>\n<h2>\n\t\t\tAlles, was Sie brauchen\t<\/h2>\n\t<p>Ob f\u00fcr ein Wochenende oder mehrere Tage &#8211; es soll leicht sein, sich wie zu Hause zu f\u00fchlen. Sie verf\u00fcgen \u00fcber gut ausgestattete B\u00e4der und K\u00fcche, komfortable Schlafpl\u00e4tze sowie praktische L\u00f6sungen wie Waschm\u00f6glichkeiten und eine 24-Stunden-Selbstanreise. Drau\u00dfen erwarten Sie Hof und gro\u00dfz\u00fcgige Au\u00dfenbereiche, drinnen W\u00e4rme, Kamin und TV. Eine vollst\u00e4ndige \u00dcbersicht finden Sie unten.<\/p>\n\t\t\t\t\t<a role=\"heading\" aria-level=\"2\" tabindex=\"-1\"  id=\"fl-accordion--label-0\">Ausstattung und Einrichtungen ansehen<\/a>\n\t\t\t\t\t\t\t\t\t\t\t<button type=\"button\" id=\"fl-accordion--icon-0\" aria-expanded=\"false\" aria-controls=\"fl-accordion--panel-0\"><i>Utvid<\/i><\/button>\n\t\t\t\t\t<p><b>Schlafzimmer und W\u00e4sche<\/b><\/p>\n<ul>\n<li>\n<p>Waschmaschine<\/p>\n<\/li>\n<li>\n<p>Trockner<\/p>\n<\/li>\n<li>\n<p>Grundausstattung<\/p>\n<\/li>\n<li>\n<p>Handt\u00fccher<\/p>\n<\/li>\n<li>\n<p>Bettw\u00e4sche<\/p>\n<\/li>\n<li>\n<p>Seife<\/p>\n<\/li>\n<li>\n<p>Toilettenpapier<\/p>\n<\/li>\n<li>\n<p>Kleiderb\u00fcgel<\/p>\n<\/li>\n<li>\n<p>B\u00fcgeleisen<\/p>\n<\/li>\n<\/ul>\n\n<p><b>Unterhaltung<\/b><\/p>\n<ul>\n<li>\n<p>TV<\/p>\n<\/li>\n<\/ul>\n\n<p><b>Familie<\/b><\/p>\n<ul>\n<li>\n<p>Reisebett (auf Anfrage verf\u00fcgbar)<\/p>\n<\/li>\n<li>\n<p>Kinderb\u00fccher und Spielzeug<\/p>\n<\/li>\n<li>\n<p>Hochstuhl<\/p>\n<\/li>\n<\/ul>\n\n<p><b>Heizung und K\u00fchlung<\/b><\/p>\n<ul>\n<li>\n<p>Klimaanlage<\/p>\n<\/li>\n<li>\n<p>Innenkamin<\/p>\n<\/li>\n<li>\n<p>Heizung<\/p>\n<\/li>\n<\/ul>\n\n<p><b>Sicherheit<\/b><\/p>\n<ul>\n<li>\n<p>Rauchmelder<\/p>\n<\/li>\n<li>\n<p>Feuerl\u00f6scher<\/p>\n<\/li>\n<li>\n<p>Erste-Hilfe-Set<\/p>\n<\/li>\n<\/ul>\n\n<p><b>Internet und Arbeitsplatz<\/b><\/p>\n<ul>\n<li>\n<p>WLAN<\/p>\n<\/li>\n<\/ul>\n\n<p><b>K\u00fcche<\/b><\/p>\n<ul>\n<li>\n<p>K\u00fchlschrank<\/p>\n<\/li>\n<li>\n<p>Mikrowelle<\/p>\n<\/li>\n<li>\n<p>Grundausstattung<\/p>\n<\/li>\n<li>\n<p>T\u00f6pfe und Pfannen, \u00d6l, Salz und Pfeffer<\/p>\n<\/li>\n<li>\n<p>Teller und Besteck<\/p>\n<\/li>\n<li>\n<p>Sch\u00fcsseln, St\u00e4bchen, Teller, Tassen usw.<\/p>\n<\/li>\n<li>\n<p>Geschirrsp\u00fcler<\/p>\n<\/li>\n<li>\n<p>Herd<\/p>\n<\/li>\n<li>\n<p>Backofen<\/p>\n<\/li>\n<\/ul>\n\n<p><b>Lage<\/b><\/p>\n<ul>\n<li>\n<p>Privater Eingang<\/p>\n<\/li>\n<li>\n<p>Idyllische Umgebung<\/p>\n<\/li>\n<li>\n<p>Historischer Grund<\/p>\n<\/li>\n<\/ul>\n\n<p><b>Au\u00dfenbereich<\/b><\/p>\n<ul>\n<li>\n<p>Terrasse oder Balkon<\/p>\n<\/li>\n<li>\n<p>Gro\u00dfe Au\u00dfenbereiche<\/p>\n<\/li>\n<li>\n<p>Hofbereich<\/p>\n<\/li>\n<\/ul>\n\n<p><b>Parken<\/b><\/p>\n<ul>\n<li>\n<p>Kostenloser Parkplatz<\/p>\n<\/li>\n<li>\n<p>Ladestation f\u00fcr Elektroautos<\/p>\n<\/li>\n<\/ul>\n\n<p><b>Service<\/b><\/p>\n<ul>\n<li>\n<p>Selbst-Check-in<\/p>\n<\/li>\n<li>\n<p>Betreuung vor Ort<\/p>\n<\/li>\n<li>\n<p>Wir sind rund um die Uhr verf\u00fcgbar, um Ihnen Zugang zu erm\u00f6glichen<\/p>\n<\/li>\n<\/ul>\n\t<p>Platz f\u00fcr alle<\/p>\n<h2>\n\t\t\tViel Raum f\u00fcr jeden Anlass\t<\/h2>\n\t<p>Mit gro\u00dfen Wohnr\u00e4umen und einer voll ausgestatteten K\u00fcche ist das Haus wie gemacht f\u00fcr gemeinsames Beisammensein. Hier ist Platz f\u00fcr gemeinsame Mahlzeiten und lange Gespr\u00e4che bis in den Abend.<\/p>\n<p>Perfekt f\u00fcr Gro\u00dffamilien oder Freundesgruppen, die enge Hotelzimmer gegen Gemeinschaft unter einem Dach tauschen m\u00f6chten.<\/p>\n<figure itemscope itemtype=\"https:\/\/schema.org\/ImageObject\">\n\t\t\t\t<img decoding=\"async\" src=\"https:\/\/austratt-agroturisme.no\/wp-content\/uploads\/2021\/07\/p6200650-1.jpg\" alt=\"\u00d6rland, Austr\u00e5tt, Austr\u00e5tt agroturismus, rote Scheune im Hintergrund, sonniger Tag und blauer Himmeles Haus in der Mitte,ol og bl\u00e5 himmel\" height=\"1499\" width=\"2000\" onerror=\"this.style.display='none'\" loading=\"lazy\" \/>\n\t<\/figure>\n<figure itemscope itemtype=\"https:\/\/schema.org\/ImageObject\">\n\t\t\t\t<img decoding=\"async\" src=\"https:\/\/austratt-agroturisme.no\/wp-content\/uploads\/2017\/07\/p6076150.jpg\" alt=\"Utsikt mot Brekstad\" height=\"1500\" width=\"2000\" title=\"Austr\u00e5tt fort-mot Brekstad\" onerror=\"this.style.display='none'\" loading=\"lazy\" \/>\n\t<\/figure>\n\t<p>Erlebnisse<\/p>\n<h2>\n\t\t\tMehr als nur \u00dcbernachten\t<\/h2>\n\t<p>Sie wohnen in Gehweite zur Austr\u00e5ttborgen, zur Marina und zu sch\u00f6nen Wanderwegen. Der Austr\u00e5tt Golfklubb liegt ebenfalls ganz in der N\u00e4he.<\/p>\n<p>Beginnen Sie den Tag mit Fr\u00fchst\u00fcck im Garten, w\u00e4hrend die Schafe in der N\u00e4he grasen. F\u00fcr Kinder ist es ein Erlebnis, den Traktor vorbeifahren zu sehen oder die Tiere zu begr\u00fc\u00dfen. Als unsere G\u00e4ste kommen Sie dem echten Bauernhofleben ganz nah &#8211; in sicherer Umgebung.<\/p>\n\t\t\t\t\t<a role=\"heading\" aria-level=\"2\" tabindex=\"-1\"  id=\"fl-accordion--label-0\">Erlebnisse ansehen<\/a>\n\t\t\t\t\t\t\t\t\t\t\t<button type=\"button\" id=\"fl-accordion--icon-0\" aria-expanded=\"false\" aria-controls=\"fl-accordion--panel-0\"><i>Utvid<\/i><\/button>\n\t\t\t\t\t<p><b>Aktivit\u00e4ten<\/b><\/p>\n<ul>\n<li>\n<p>Golf<\/p>\n<\/li>\n<li>\n<p>Boot<\/p>\n<\/li>\n<li>\n<p>Wandern<\/p>\n<\/li>\n<li>\n<p>Radfahren<\/p>\n<\/li>\n<\/ul>\n\n<p><b>Kultur<\/b><\/p>\n<ul>\n<li>\n<p>Austr\u00e5tt fort<\/p>\n<\/li>\n<li>\n<p>Austr\u00e5ttborgen<\/p>\n<\/li>\n<li>\n<p>Austr\u00e5ttlunden<\/p>\n<\/li>\n<li>\n<p>Konzerte<\/p>\n<\/li>\n<\/ul>\n\n<p><b>Einrichtungen<\/b><\/p>\n<ul>\n<li>\n<p>Hofladen<\/p>\n<\/li>\n<li>\n<p>Hofcaf\u00e9<\/p>\n<\/li>\n<li>\n<p>Hofmolkerei<\/p>\n<\/li>\n<\/ul>\n<p>&nbsp;<\/p>\n<p>Entdecken Sie mehr \u00fcber die Schaltfl\u00e4chen unten.<\/p>\n\t\t\t<a href=\"https:\/\/austratt-agroturisme.no\/de\/aktivitaten-fur-jeden-geschmack\/\"  target=\"_self\">\n\t\t\t\t\t\t\tAktivit\u00e4ten ansehen\n\t\t\t<\/a>\n\t\t\t<a href=\"https:\/\/austratt-agroturisme.no\/de\/kultur-in-austratt\/\"  target=\"_self\">\n\t\t\t\t\t\t\tKultur ansehen\n\t\t\t<\/a>\n\t<p>Bewertungen<\/p>\n<h2>\n\t\t\tDas sagen unsere G\u00e4ste \u00fcber ihren Aufenthalt\t<\/h2>\n<h3>\n\t\t\tPeter\t<\/h3>\n\t<p>\u201eUnglaublich sch\u00f6ne Umgebung und freundliche Gastgeber. Toll, dass man eigenes Gem\u00fcse ernten kann!&#8221;<\/p>\n<p><a href=\"https:\/\/www.booking.com\/hotel\/no\/karstua.no.html?chal_t=1765545806141&amp;force_referer=https%3A%2F%2Fwww.google.com%2F#tab-reviews\" target=\"_blank\" rel=\"noopener\">Von Booking.com<\/a><\/p>\n<h3>\n\t\t\tEllen\t<\/h3>\n\t<p>\u201eHat alle Erwartungen \u00fcbertroffen. Gro\u00dfe Zimmer, sauber, alles vorhanden. Sogar die Betten waren f\u00fcr uns gemacht.&#8221;<\/p>\n<p><a href=\"https:\/\/www.booking.com\/hotel\/no\/karstua.no.html?chal_t=1765545806141&amp;force_referer=https%3A%2F%2Fwww.google.com%2F#tab-reviews\" target=\"_blank\" rel=\"noopener\">Von Booking.com<\/a><\/p>\n<h3>\n\t\t\tDennis\t<\/h3>\n\t<p>\u201eAbsolut empfehlenswert. Wir waren zwei Jahre in Folge hier. Sehr freundliche und hilfsbereite Menschen.&#8221;<\/p>\n<p><a href=\"https:\/\/www.google.com\/search?sca_esv=6e231c42ce1b23dd&amp;rlz=1C5CHFA_enNO1174NO1176&amp;q=austr%C3%A5tt+agroturisme&amp;si=AMgyJEtREmoPL4P1I5IDCfuA8gybfVI2d5Uj7QMwYCZHKDZ-E_Pv_utCoxjuLk8Mcnl4dtwNHfPA5wt8Nr7iKvaEzmcHVrNyvcEwY5mt4loc4H-HA5KlAPQ%3D&amp;uds=AOm0WdFBvY2LKXs9H9KYsBlzmzqjTPQ9rknY1Z-mOfDl2RBB_9Hi7YyYOvlIEyfiIvQ7t1VLVrXP_nt-65Mqu4FmaeNv2yE8ScE2TD9sPh05fNFnpa_m-PK5Flzf-_A3dO1nSND4XPnh&amp;sa=X&amp;ved=2ahUKEwjtqIyh7MmRAxXePhAIHV5dCggQ3PALegQIPBAF&amp;biw=1386&amp;bih=1119&amp;dpr=1\" target=\"_blank\" rel=\"noopener\">Von Google<\/a><\/p>\n<h3>\n\t\t\tAnna\t<\/h3>\n\t<p>\u201eViel Platz f\u00fcr alle. Sauber, gem\u00fctlich, sch\u00f6ner Au\u00dfenbereich und tolle Wandergebiete in der N\u00e4he.&#8221;<\/p>\n<p><a href=\"https:\/\/www.airbnb.no\/rooms\/26220493\/reviews?source_impression_id=p3_1766153432_P3HT_jiulCTNM2hP\" target=\"_blank\" rel=\"noopener\">Von AirBnb<\/a><\/p>\n\t<p>Anreise und Transport<\/p>\n<h2>\n\t\t\tSo kommen Sie zu uns\t<\/h2>\n\t<p>Sie k\u00f6nnen mit dem Auto anreisen, zum Flughafen \u00d8rland fliegen oder \u00f6ffentliche Verkehrsmittel von Trondheim nutzen. Verwenden Sie gerne den Routenplaner unten: Klicken Sie auf die Schaltfl\u00e4che, w\u00e4hlen Sie Ihren Startpunkt und das gew\u00fcnschte Verkehrsmittel.<\/p>\n\t\t\t<a href=\"https:\/\/www.google.com\/maps\/dir\/\/Austr%C3%A5tt+agroturisme,+Lundahaugveien+44,+7140+Opphaug\/@63.7088502,9.726413,608m\/data=!3m1!1e3!4m19!1m10!3m9!1s0x4612be8914995f69:0x3c660669c40a2a4a!2sAustr%C3%A5tt+agroturisme!5m2!4m1!1i2!8m2!3d63.7088478!4d9.7289933!16s%2Fg%2F11f0kz_lv6!4m7!1m0!1m5!1m1!1s0x4612be8914995f69:0x3c660669c40a2a4a!2m2!1d9.7289933!2d63.7088478?entry=ttu&#038;g_ep=EgoyMDI2MDIwMS4wIKXMDSoASAFQAw%3D%3D\"  target=\"_blank\" rel=\"noopener\"    rel=\"noopener\">\n\t\t\t\t\t\t\tZu Google Maps\n\t\t\t<\/a>\n<figure itemscope itemtype=\"https:\/\/schema.org\/ImageObject\">\n\t\t\t\t<img decoding=\"async\" src=\"https:\/\/austratt-agroturisme.no\/wp-content\/uploads\/2017\/08\/p8069904.jpg\" alt=\"Utsikt mot Trondheimsfjorden\" height=\"1500\" width=\"2000\" title=\"Rusaset-innl\u00f8p Trondheimsfjorden\" onerror=\"this.style.display='none'\" loading=\"lazy\" \/>\n\t<\/figure>\n<h2>\n\t\t\tBereit f\u00fcr eine Auszeit bei uns?\t<\/h2>\n\t\t\t<a href=\"https:\/\/austratt-agroturisme.no\/de\/buchen\/\"  target=\"_self\">\n\t\t\t\t\t\t\tVerf\u00fcgbarkeit pr\u00fcfen\n\t\t\t<\/a>\n\n","protected":false},"excerpt":{"rendered":"<p>Zeit f\u00fcreinander &#8211; Platz f\u00fcr alle Tauschen Sie enge Hotelzimmer gegen gemeinsames Beisammensein. Hier&#8230;<\/p>\n","protected":false},"author":1,"featured_media":106,"parent":0,"menu_order":10,"comment_status":"closed","ping_status":"closed","template":"","meta":{"_acf_changed":false,"_analytify_skip_tracking":false,"_genesis_hide_title":false,"_genesis_hide_breadcrumbs":false,"_genesis_hide_singular_image":false,"_genesis_hide_footer_widgets":false,"_genesis_custom_body_class":"","_genesis_custom_post_class":"","_genesis_layout":"","footnotes":""},"class_list":{"0":"post-5499","1":"page","2":"type-page","3":"status-publish","4":"has-post-thumbnail","6":"entry"},"acf":[],"yoast_head":"<!-- This site is optimized with the Yoast SEO plugin v27.2 - https:\/\/yoast.com\/product\/yoast-seo-wordpress\/ -->\n<title>Unterkunft f\u00fcr die ganze Gruppe | Austr\u00e5tt Agrotourismus<\/title>\n<meta name=\"description\" content=\"Suchen Sie eine Unterkunft in \u00d8rland? Mieten Sie unser charmantes Bauernhaus. Sie haben das gesamte Haus f\u00fcr sich allein, in kurzer Entfernung zur Austr\u00e5ttborgen, zum Meer und zu sch\u00f6nen Wandergebieten.\" \/>\n<meta name=\"robots\" content=\"index, follow, max-snippet:-1, max-image-preview:large, max-video-preview:-1\" \/>\n<link rel=\"canonical\" href=\"https:\/\/austratt-agroturisme.no\/de\/2overnatting-feriehus\/\" \/>\n<meta property=\"og:locale\" content=\"de_DE\" \/>\n<meta property=\"og:type\" content=\"article\" \/>\n<meta property=\"og:title\" content=\"Unterkunft f\u00fcr die ganze Gruppe | Austr\u00e5tt Agrotourismus\" \/>\n<meta property=\"og:description\" content=\"Suchen Sie eine Unterkunft in \u00d8rland? Mieten Sie unser charmantes Bauernhaus. Sie haben das gesamte Haus f\u00fcr sich allein, in kurzer Entfernung zur Austr\u00e5ttborgen, zum Meer und zu sch\u00f6nen Wandergebieten.\" \/>\n<meta property=\"og:url\" content=\"https:\/\/austratt-agroturisme.no\/de\/2overnatting-feriehus\/\" \/>\n<meta property=\"og:site_name\" content=\"Austr\u00e5tt Agroturisme\" \/>\n<meta property=\"article:publisher\" content=\"https:\/\/www.facebook.com\/austratt.andelsjordbruk\/\" \/>\n<meta property=\"article:modified_time\" content=\"2026-02-05T16:10:31+00:00\" \/>\n<meta property=\"og:image\" content=\"https:\/\/austratt-agroturisme.no\/wp-content\/uploads\/2021\/07\/p6200650-1.jpg\" \/>\n\t<meta property=\"og:image:width\" content=\"2000\" \/>\n\t<meta property=\"og:image:height\" content=\"1499\" \/>\n\t<meta property=\"og:image:type\" content=\"image\/jpeg\" \/>\n<meta name=\"twitter:card\" content=\"summary_large_image\" \/>\n<meta name=\"twitter:image\" content=\"https:\/\/austratt-agroturisme.no\/wp-content\/uploads\/2021\/07\/p6200650-1.jpg\" \/>\n<meta name=\"twitter:label1\" content=\"Gesch\u00e4tzte Lesezeit\" \/>\n\t<meta name=\"twitter:data1\" content=\"8 Minuten\" \/>\n<script type=\"application\/ld+json\" class=\"yoast-schema-graph\">{\"@context\":\"https:\/\/schema.org\",\"@graph\":[{\"@type\":\"WebPage\",\"@id\":\"https:\/\/austratt-agroturisme.no\/de\/2overnatting-feriehus\/\",\"url\":\"https:\/\/austratt-agroturisme.no\/de\/2overnatting-feriehus\/\",\"name\":\"Unterkunft f\u00fcr die ganze Gruppe | Austr\u00e5tt Agrotourismus\",\"isPartOf\":{\"@id\":\"https:\/\/austratt-agroturisme.no\/#website\"},\"primaryImageOfPage\":{\"@id\":\"https:\/\/austratt-agroturisme.no\/de\/2overnatting-feriehus\/#primaryimage\"},\"image\":{\"@id\":\"https:\/\/austratt-agroturisme.no\/de\/2overnatting-feriehus\/#primaryimage\"},\"thumbnailUrl\":\"\",\"datePublished\":\"2025-12-19T11:57:00+00:00\",\"dateModified\":\"2026-02-05T16:10:31+00:00\",\"description\":\"Suchen Sie eine Unterkunft in \u00d8rland? Mieten Sie unser charmantes Bauernhaus. Sie haben das gesamte Haus f\u00fcr sich allein, in kurzer Entfernung zur Austr\u00e5ttborgen, zum Meer und zu sch\u00f6nen Wandergebieten.\",\"breadcrumb\":{\"@id\":\"https:\/\/austratt-agroturisme.no\/de\/2overnatting-feriehus\/#breadcrumb\"},\"inLanguage\":\"de-DE\",\"potentialAction\":[{\"@type\":\"ReadAction\",\"target\":[\"https:\/\/austratt-agroturisme.no\/de\/2overnatting-feriehus\/\"]}]},{\"@type\":\"ImageObject\",\"inLanguage\":\"de-DE\",\"@id\":\"https:\/\/austratt-agroturisme.no\/de\/2overnatting-feriehus\/#primaryimage\",\"url\":\"\",\"contentUrl\":\"\"},{\"@type\":\"BreadcrumbList\",\"@id\":\"https:\/\/austratt-agroturisme.no\/de\/2overnatting-feriehus\/#breadcrumb\",\"itemListElement\":[{\"@type\":\"ListItem\",\"position\":1,\"name\":\"Hjem\",\"item\":\"https:\/\/austratt-agroturisme.no\/de\/\"},{\"@type\":\"ListItem\",\"position\":2,\"name\":\"Unterkunft\"}]},{\"@type\":\"WebSite\",\"@id\":\"https:\/\/austratt-agroturisme.no\/#website\",\"url\":\"https:\/\/austratt-agroturisme.no\/\",\"name\":\"Austr\u00e5tt Agroturisme\",\"description\":\"\",\"publisher\":{\"@id\":\"https:\/\/austratt-agroturisme.no\/#organization\"},\"potentialAction\":[{\"@type\":\"SearchAction\",\"target\":{\"@type\":\"EntryPoint\",\"urlTemplate\":\"https:\/\/austratt-agroturisme.no\/?s={search_term_string}\"},\"query-input\":{\"@type\":\"PropertyValueSpecification\",\"valueRequired\":true,\"valueName\":\"search_term_string\"}}],\"inLanguage\":\"de-DE\"},{\"@type\":\"Organization\",\"@id\":\"https:\/\/austratt-agroturisme.no\/#organization\",\"name\":\"Austr\u00e5tt Agroturisme\",\"url\":\"https:\/\/austratt-agroturisme.no\/\",\"logo\":{\"@type\":\"ImageObject\",\"inLanguage\":\"de-DE\",\"@id\":\"https:\/\/austratt-agroturisme.no\/#\/schema\/logo\/image\/\",\"url\":\"https:\/\/austratt-agroturisme.no\/wp-content\/uploads\/2017\/09\/logoyoast.png\",\"contentUrl\":\"https:\/\/austratt-agroturisme.no\/wp-content\/uploads\/2017\/09\/logoyoast.png\",\"width\":\"270\",\"height\":\"106\",\"caption\":\"Austr\u00e5tt Agroturisme\"},\"image\":{\"@id\":\"https:\/\/austratt-agroturisme.no\/#\/schema\/logo\/image\/\"},\"sameAs\":[\"https:\/\/www.facebook.com\/austratt.andelsjordbruk\/\"]}]}<\/script>\n<!-- \/ Yoast SEO plugin. -->","yoast_head_json":{"title":"Unterkunft f\u00fcr die ganze Gruppe | Austr\u00e5tt Agrotourismus","description":"Suchen Sie eine Unterkunft in \u00d8rland? Mieten Sie unser charmantes Bauernhaus. Sie haben das gesamte Haus f\u00fcr sich allein, in kurzer Entfernung zur Austr\u00e5ttborgen, zum Meer und zu sch\u00f6nen Wandergebieten.","robots":{"index":"index","follow":"follow","max-snippet":"max-snippet:-1","max-image-preview":"max-image-preview:large","max-video-preview":"max-video-preview:-1"},"canonical":"https:\/\/austratt-agroturisme.no\/de\/2overnatting-feriehus\/","og_locale":"de_DE","og_type":"article","og_title":"Unterkunft f\u00fcr die ganze Gruppe | Austr\u00e5tt Agrotourismus","og_description":"Suchen Sie eine Unterkunft in \u00d8rland? Mieten Sie unser charmantes Bauernhaus. Sie haben das gesamte Haus f\u00fcr sich allein, in kurzer Entfernung zur Austr\u00e5ttborgen, zum Meer und zu sch\u00f6nen Wandergebieten.","og_url":"https:\/\/austratt-agroturisme.no\/de\/2overnatting-feriehus\/","og_site_name":"Austr\u00e5tt Agroturisme","article_publisher":"https:\/\/www.facebook.com\/austratt.andelsjordbruk\/","article_modified_time":"2026-02-05T16:10:31+00:00","og_image":[{"width":2000,"height":1499,"url":"https:\/\/austratt-agroturisme.no\/wp-content\/uploads\/2021\/07\/p6200650-1.jpg","type":"image\/jpeg"}],"twitter_card":"summary_large_image","twitter_image":"https:\/\/austratt-agroturisme.no\/wp-content\/uploads\/2021\/07\/p6200650-1.jpg","twitter_misc":{"Gesch\u00e4tzte Lesezeit":"8 Minuten"},"schema":{"@context":"https:\/\/schema.org","@graph":[{"@type":"WebPage","@id":"https:\/\/austratt-agroturisme.no\/de\/2overnatting-feriehus\/","url":"https:\/\/austratt-agroturisme.no\/de\/2overnatting-feriehus\/","name":"Unterkunft f\u00fcr die ganze Gruppe | Austr\u00e5tt Agrotourismus","isPartOf":{"@id":"https:\/\/austratt-agroturisme.no\/#website"},"primaryImageOfPage":{"@id":"https:\/\/austratt-agroturisme.no\/de\/2overnatting-feriehus\/#primaryimage"},"image":{"@id":"https:\/\/austratt-agroturisme.no\/de\/2overnatting-feriehus\/#primaryimage"},"thumbnailUrl":"","datePublished":"2025-12-19T11:57:00+00:00","dateModified":"2026-02-05T16:10:31+00:00","description":"Suchen Sie eine Unterkunft in \u00d8rland? Mieten Sie unser charmantes Bauernhaus. Sie haben das gesamte Haus f\u00fcr sich allein, in kurzer Entfernung zur Austr\u00e5ttborgen, zum Meer und zu sch\u00f6nen Wandergebieten.","breadcrumb":{"@id":"https:\/\/austratt-agroturisme.no\/de\/2overnatting-feriehus\/#breadcrumb"},"inLanguage":"de-DE","potentialAction":[{"@type":"ReadAction","target":["https:\/\/austratt-agroturisme.no\/de\/2overnatting-feriehus\/"]}]},{"@type":"ImageObject","inLanguage":"de-DE","@id":"https:\/\/austratt-agroturisme.no\/de\/2overnatting-feriehus\/#primaryimage","url":"","contentUrl":""},{"@type":"BreadcrumbList","@id":"https:\/\/austratt-agroturisme.no\/de\/2overnatting-feriehus\/#breadcrumb","itemListElement":[{"@type":"ListItem","position":1,"name":"Hjem","item":"https:\/\/austratt-agroturisme.no\/de\/"},{"@type":"ListItem","position":2,"name":"Unterkunft"}]},{"@type":"WebSite","@id":"https:\/\/austratt-agroturisme.no\/#website","url":"https:\/\/austratt-agroturisme.no\/","name":"Austr\u00e5tt Agroturisme","description":"","publisher":{"@id":"https:\/\/austratt-agroturisme.no\/#organization"},"potentialAction":[{"@type":"SearchAction","target":{"@type":"EntryPoint","urlTemplate":"https:\/\/austratt-agroturisme.no\/?s={search_term_string}"},"query-input":{"@type":"PropertyValueSpecification","valueRequired":true,"valueName":"search_term_string"}}],"inLanguage":"de-DE"},{"@type":"Organization","@id":"https:\/\/austratt-agroturisme.no\/#organization","name":"Austr\u00e5tt Agroturisme","url":"https:\/\/austratt-agroturisme.no\/","logo":{"@type":"ImageObject","inLanguage":"de-DE","@id":"https:\/\/austratt-agroturisme.no\/#\/schema\/logo\/image\/","url":"https:\/\/austratt-agroturisme.no\/wp-content\/uploads\/2017\/09\/logoyoast.png","contentUrl":"https:\/\/austratt-agroturisme.no\/wp-content\/uploads\/2017\/09\/logoyoast.png","width":"270","height":"106","caption":"Austr\u00e5tt Agroturisme"},"image":{"@id":"https:\/\/austratt-agroturisme.no\/#\/schema\/logo\/image\/"},"sameAs":["https:\/\/www.facebook.com\/austratt.andelsjordbruk\/"]}]}},"_links":{"self":[{"href":"https:\/\/austratt-agroturisme.no\/de\/wp-json\/wp\/v2\/pages\/5499","targetHints":{"allow":["GET"]}}],"collection":[{"href":"https:\/\/austratt-agroturisme.no\/de\/wp-json\/wp\/v2\/pages"}],"about":[{"href":"https:\/\/austratt-agroturisme.no\/de\/wp-json\/wp\/v2\/types\/page"}],"author":[{"embeddable":true,"href":"https:\/\/austratt-agroturisme.no\/de\/wp-json\/wp\/v2\/users\/1"}],"replies":[{"embeddable":true,"href":"https:\/\/austratt-agroturisme.no\/de\/wp-json\/wp\/v2\/comments?post=5499"}],"version-history":[{"count":0,"href":"https:\/\/austratt-agroturisme.no\/de\/wp-json\/wp\/v2\/pages\/5499\/revisions"}],"wp:featuredmedia":[{"embeddable":true,"href":"https:\/\/austratt-agroturisme.no\/de\/wp-json\/"}],"wp:attachment":[{"href":"https:\/\/austratt-agroturisme.no\/de\/wp-json\/wp\/v2\/media?parent=5499"}],"curies":[{"name":"wp","href":"https:\/\/api.w.org\/{rel}","templated":true}]}}