{"id":3617,"date":"2015-11-30T14:50:59","date_gmt":"2015-11-30T13:50:59","guid":{"rendered":"https:\/\/austratt-agroturisme.no\/forside\/"},"modified":"2026-02-05T13:56:47","modified_gmt":"2026-02-05T12:56:47","slug":"frontpage","status":"publish","type":"page","link":"https:\/\/austratt-agroturisme.no\/en\/frontpage\/","title":{"rendered":"Frontpage"},"content":{"rendered":"\n\n<h1>\n\t\t\tSenk skuldrene med levende g\u00e5rdsturisme\t<\/h1>\n\t<p>Vi \u00e5pner d\u00f8rene til Austr\u00e5tt for deg. Lei hele k\u00e5rboligen for et privat avbrekk i unike omgivelser, opplev gleden ved \u00e5 dyrke egen mat, og kom tett p\u00e5 dyrene.<\/p>\n\t\t\t<a href=\"https:\/\/austratt-agroturisme.no\/overnatting-feriehus\/\"  target=\"_self\">\n\t\t\t\t\t\t\tSe overnatting\n\t\t\t<\/a>\n\t\t\t<a href=\"#lei-hele-k\u00e5rboligen\"  target=\"_self\">\n\t\t\t\t\t\t\tLes mer om oss\n\t\t\t<\/a>\n\t<p>Overnatting<\/p>\n<h2>\n\t\t\tLei hele k\u00e5rboligen\t<\/h2>\n\t<p>Bo i egen k\u00e5rbolig, opplev kulturlandskapet eller ta del i andelsjordbruket.<\/p>\n\t\t\t<a href=\"https:\/\/austratt-agroturisme.no\/overnatting-feriehus\/\"  target=\"_self\">\n\t\t\t\t\t\t\tMer om oppholdet\n\t\t\t<\/a>\n<figure itemscope itemtype=\"https:\/\/schema.org\/ImageObject\">\n\t\t\t\t<img decoding=\"async\" src=\"https:\/\/austratt-agroturisme.no\/wp-content\/uploads\/2021\/07\/p6200650-1.jpg\" alt=\"\u00d8rland, Austr\u00e5tt, Austr\u00e5tt agroturisme, K\u00e5rstua, r\u00f8d melkerampe til venstre, hvitt hus i midten, r\u00f8d l\u00e5ve i bakgrunnen, sol og bl\u00e5 himmel\" height=\"1499\" width=\"2000\" title=\"K\u00e5rstua fra s\u00f8r\" onerror=\"this.style.display='none'\" loading=\"lazy\" \/>\n\t<\/figure>\n\t<p>Et g\u00e5rdstun med mange muligheter<\/p>\n<h2>\n\t\t\tEt utvalg av det som skjer her\t<\/h2>\n\t<p>Enten du bor i k\u00e5rboligen eller bare er p\u00e5 dagsbes\u00f8k, har vi mye \u00e5 by p\u00e5. Fra kortreist mat og historiske omgivelser til n\u00e6rkontakt med dyr og natur &#8211; her skaper du minnerike \u00f8yeblikk.<\/p>\n<figure itemscope itemtype=\"https:\/\/schema.org\/ImageObject\">\n\t\t\t\t<img decoding=\"async\" src=\"https:\/\/austratt-agroturisme.no\/wp-content\/uploads\/2017\/08\/img_0129.jpg\" alt=\"Kajakkpadling, opplevelser med Austr\u00e5tt agroturisme, kajakk ligger i sj\u00f8en p\u00e5 grunt vann, en person st\u00e5r ved siden av kajakken\" height=\"2000\" width=\"1500\" title=\"Inger med Kajakk\" onerror=\"this.style.display='none'\" loading=\"lazy\" \/>\n\t<\/figure>\n<h3>\n\t\t\tOpplevelser\t<\/h3>\n\t<p>Vi er n\u00e6rmeste nabo til Austr\u00e5ttborgen og golfbanen. Lei b\u00e5t, utforsk turstiene langs fjorden eller opplev kulturlandskapet p\u00e5 n\u00e6rt hold.<\/p>\n\t\t\t<a href=\"https:\/\/austratt-agroturisme.no\/aktiviteter\/\"  target=\"_self\">\n\t\t\t\t\t\t\tLes mer\n\t\t\t<\/a>\n<figure itemscope itemtype=\"https:\/\/schema.org\/ImageObject\">\n\t\t\t\t<img decoding=\"async\" src=\"https:\/\/austratt-agroturisme.no\/wp-content\/uploads\/2017\/08\/p8039887.jpg\" alt=\"Austr\u00e5tt andelsjordbruk, Austr\u00e5tt agroturisme, sunn mat, to personer jobber i \u00e5keren, trekker snor for \u00e5 binde opp sukkererter\" height=\"1413\" width=\"2000\" title=\"Oppbinding av sukkererter\" onerror=\"this.style.display='none'\" loading=\"lazy\" \/>\n\t<\/figure>\n<h3>\n\t\t\tAndels-jordbruk\t<\/h3>\n\t<p>Vil du h\u00f8ste dine egne, \u00f8kologiske gr\u00f8nnsaker? Bli andelseier hos oss og f\u00e5 tilgang til ferske r\u00e5varer rett fra jorda.<\/p>\n\t\t\t<a href=\"https:\/\/austratt-agroturisme.no\/sunn-mat\/\"  target=\"_self\">\n\t\t\t\t\t\t\tLes mer\n\t\t\t<\/a>\n<figure itemscope itemtype=\"https:\/\/schema.org\/ImageObject\">\n\t\t\t\t<img decoding=\"async\" src=\"https:\/\/austratt-agroturisme.no\/wp-content\/uploads\/2019\/06\/p5290531.jpg\" alt=\"Norsk pelssau, austr\u00e5tt agroturisme, uklippet lyst gr\u00e5tt saueskinn opp\u00e5 et trebord\" height=\"1262\" width=\"2000\" title=\"Uklippet lammeskinn\" onerror=\"this.style.display='none'\" loading=\"lazy\" \/>\n\t<\/figure>\n<h3>\n\t\t\tSau og skinn\t<\/h3>\n\t<p>Ta med deg et stykke Austr\u00e5tt hjem. Vi selger flotte skinn av egne sauer fra g\u00e5rden.<\/p>\n\t\t\t<a href=\"https:\/\/austratt-agroturisme.no\/norsk-pelssau\/\"  target=\"_self\">\n\t\t\t\t\t\t\tLes mer\n\t\t\t<\/a>\n<figure itemscope itemtype=\"https:\/\/schema.org\/ImageObject\">\n\t\t\t\t<img decoding=\"async\" src=\"https:\/\/austratt-agroturisme.no\/wp-content\/uploads\/2026\/01\/gardskafeen.jpg\" alt=\"ga\u030ardskafeen\" height=\"1500\" width=\"2000\" title=\"ga\u030ardskafeen\" onerror=\"this.style.display='none'\" loading=\"lazy\" \/>\n\t<\/figure>\n<h3>\n\t\t\tG\u00e5rdskaf\u00e9\t<\/h3>\n\t<p>Nyt en pust i bakken med kaffe, is og enkel servering. Vi har \u00e5pent for alle som vil smake p\u00e5 god lokalmat i hyggelige omgivelser.<\/p>\n\t\t\t<a href=\"https:\/\/www.facebook.com\/austrattagroturisme\/\"  target=\"_blank\" rel=\"noopener\"    rel=\"noopener\">\n\t\t\t\t\t\t\tG\u00e5 til Facebook\n\t\t\t<\/a>\n<figure itemscope itemtype=\"https:\/\/schema.org\/ImageObject\">\n\t\t\t\t<img decoding=\"async\" src=\"https:\/\/austratt-agroturisme.no\/wp-content\/uploads\/2015\/11\/forsidebilde.jpg\" alt=\"Austr\u00e5tt agroturisme, Austr\u00e5tt andelsjordbruk, g\u00e5rdsturisme, \u00f8kologisk landbruk, to personer st\u00e5r i gr\u00f8nnsak\u00e5keren, nyter synet av flotte gr\u00f8nnsaker\" height=\"1440\" width=\"1920\" title=\"Fors\u00f8ksfeltet\" onerror=\"this.style.display='none'\" loading=\"lazy\" \/>\n\t<\/figure>\n\t<p>Om oss<\/p>\n<h2>\n\t\t\tBli kjent med oss\t<\/h2>\n\t<p>G\u00e5rden v\u00e5r heter Lundasletta og ble skilt ut fra hovedbruket Austr\u00e5tt i 1930. Vi driver med sau, andelsjordbruk og g\u00e5rdsturisme.<\/p>\n\t\t\t<a href=\"https:\/\/austratt-agroturisme.no\/om-garden\/\"  target=\"_self\">\n\t\t\t\t\t\t\tMer om oss\n\t\t\t<\/a>\n<h2>\n\t\t\tEmbed facebook-feed\t<\/h2>\n<h2>\n\t\t\tLurer du p\u00e5 noe?\t<\/h2>\n\t<p>Enten du vil feire noe spesielt, bli andelsbonde eller har sp\u00f8rsm\u00e5l om overnatting &#8211; vi h\u00f8rer gjerne fra deg.<\/p>\n\t\t\t<a href=\"https:\/\/austratt-agroturisme.no\/kontakt-oss\/\"  target=\"_self\">\n\t\t\t\t\t\t\tKontakt oss\n\t\t\t<\/a>\n\n","protected":false},"excerpt":{"rendered":"<p>Senk skuldrene med levende g\u00e5rdsturisme Vi \u00e5pner d\u00f8rene til Austr\u00e5tt for deg. Lei hele&#8230;<\/p>\n","protected":false},"author":6,"featured_media":106,"parent":0,"menu_order":14,"comment_status":"closed","ping_status":"closed","template":"","meta":{"_acf_changed":false,"_analytify_skip_tracking":false,"_genesis_hide_title":false,"_genesis_hide_breadcrumbs":false,"_genesis_hide_singular_image":false,"_genesis_hide_footer_widgets":false,"_genesis_custom_body_class":"","_genesis_custom_post_class":"","_genesis_layout":"","footnotes":""},"class_list":{"0":"post-3617","1":"page","2":"type-page","3":"status-publish","4":"has-post-thumbnail","6":"entry"},"acf":[],"yoast_head":"<!-- This site is optimized with the Yoast SEO plugin v27.2 - https:\/\/yoast.com\/product\/yoast-seo-wordpress\/ -->\n<title>Austr\u00e5tt Agroturisme<\/title>\n<meta name=\"description\" content=\"Austr\u00e5tt is a unique area where you can learn about important events in the history of Norway. Austr\u00e5tt agrotourism offers great oppurtunities......\" \/>\n<meta name=\"robots\" content=\"index, follow, max-snippet:-1, max-image-preview:large, max-video-preview:-1\" \/>\n<link rel=\"canonical\" href=\"https:\/\/austratt-agroturisme.no\/en\/frontpage\/\" \/>\n<meta property=\"og:locale\" content=\"en_US\" \/>\n<meta property=\"og:type\" content=\"article\" \/>\n<meta property=\"og:title\" content=\"Austr\u00e5tt Agroturisme\" \/>\n<meta property=\"og:description\" content=\"Austr\u00e5tt is a unique area where you can learn about important events in the history of Norway. Austr\u00e5tt agrotourism offers great oppurtunities......\" \/>\n<meta property=\"og:url\" content=\"https:\/\/austratt-agroturisme.no\/en\/frontpage\/\" \/>\n<meta property=\"og:site_name\" content=\"Austr\u00e5tt Agroturisme\" \/>\n<meta property=\"article:publisher\" content=\"https:\/\/www.facebook.com\/austratt.andelsjordbruk\/\" \/>\n<meta property=\"article:modified_time\" content=\"2026-02-05T12:56:47+00:00\" \/>\n<meta property=\"og:image\" content=\"https:\/\/austratt-agroturisme.no\/wp-content\/uploads\/2017\/09\/somedeling-1000x750.png\" \/>\n\t<meta property=\"og:image:width\" content=\"1000\" \/>\n\t<meta property=\"og:image:height\" content=\"750\" \/>\n\t<meta property=\"og:image:type\" content=\"image\/png\" \/>\n<meta name=\"twitter:card\" content=\"summary_large_image\" \/>\n<meta name=\"twitter:label1\" content=\"Est. reading time\" \/>\n\t<meta name=\"twitter:data1\" content=\"1 minute\" \/>\n<script type=\"application\/ld+json\" class=\"yoast-schema-graph\">{\"@context\":\"https:\/\/schema.org\",\"@graph\":[{\"@type\":\"WebPage\",\"@id\":\"https:\/\/austratt-agroturisme.no\/en\/frontpage\/\",\"url\":\"https:\/\/austratt-agroturisme.no\/en\/frontpage\/\",\"name\":\"Austr\u00e5tt Agroturisme\",\"isPartOf\":{\"@id\":\"https:\/\/austratt-agroturisme.no\/#website\"},\"primaryImageOfPage\":{\"@id\":\"https:\/\/austratt-agroturisme.no\/en\/frontpage\/#primaryimage\"},\"image\":{\"@id\":\"https:\/\/austratt-agroturisme.no\/en\/frontpage\/#primaryimage\"},\"thumbnailUrl\":\"\",\"datePublished\":\"2015-11-30T13:50:59+00:00\",\"dateModified\":\"2026-02-05T12:56:47+00:00\",\"description\":\"Austr\u00e5tt is a unique area where you can learn about important events in the history of Norway. Austr\u00e5tt agrotourism offers great oppurtunities......\",\"breadcrumb\":{\"@id\":\"https:\/\/austratt-agroturisme.no\/en\/frontpage\/#breadcrumb\"},\"inLanguage\":\"en-US\",\"potentialAction\":[{\"@type\":\"ReadAction\",\"target\":[\"https:\/\/austratt-agroturisme.no\/en\/frontpage\/\"]}]},{\"@type\":\"ImageObject\",\"inLanguage\":\"en-US\",\"@id\":\"https:\/\/austratt-agroturisme.no\/en\/frontpage\/#primaryimage\",\"url\":\"\",\"contentUrl\":\"\"},{\"@type\":\"BreadcrumbList\",\"@id\":\"https:\/\/austratt-agroturisme.no\/en\/frontpage\/#breadcrumb\",\"itemListElement\":[{\"@type\":\"ListItem\",\"position\":1,\"name\":\"Hjem\",\"item\":\"https:\/\/austratt-agroturisme.no\/en\/\"},{\"@type\":\"ListItem\",\"position\":2,\"name\":\"Frontpage\"}]},{\"@type\":\"WebSite\",\"@id\":\"https:\/\/austratt-agroturisme.no\/#website\",\"url\":\"https:\/\/austratt-agroturisme.no\/\",\"name\":\"Austr\u00e5tt Agroturisme\",\"description\":\"\",\"publisher\":{\"@id\":\"https:\/\/austratt-agroturisme.no\/#organization\"},\"potentialAction\":[{\"@type\":\"SearchAction\",\"target\":{\"@type\":\"EntryPoint\",\"urlTemplate\":\"https:\/\/austratt-agroturisme.no\/?s={search_term_string}\"},\"query-input\":{\"@type\":\"PropertyValueSpecification\",\"valueRequired\":true,\"valueName\":\"search_term_string\"}}],\"inLanguage\":\"en-US\"},{\"@type\":\"Organization\",\"@id\":\"https:\/\/austratt-agroturisme.no\/#organization\",\"name\":\"Austr\u00e5tt Agroturisme\",\"url\":\"https:\/\/austratt-agroturisme.no\/\",\"logo\":{\"@type\":\"ImageObject\",\"inLanguage\":\"en-US\",\"@id\":\"https:\/\/austratt-agroturisme.no\/#\/schema\/logo\/image\/\",\"url\":\"https:\/\/austratt-agroturisme.no\/wp-content\/uploads\/2017\/09\/logoyoast.png\",\"contentUrl\":\"https:\/\/austratt-agroturisme.no\/wp-content\/uploads\/2017\/09\/logoyoast.png\",\"width\":\"270\",\"height\":\"106\",\"caption\":\"Austr\u00e5tt Agroturisme\"},\"image\":{\"@id\":\"https:\/\/austratt-agroturisme.no\/#\/schema\/logo\/image\/\"},\"sameAs\":[\"https:\/\/www.facebook.com\/austratt.andelsjordbruk\/\"]}]}<\/script>\n<!-- \/ Yoast SEO plugin. -->","yoast_head_json":{"title":"Austr\u00e5tt Agroturisme","description":"Austr\u00e5tt is a unique area where you can learn about important events in the history of Norway. Austr\u00e5tt agrotourism offers great oppurtunities......","robots":{"index":"index","follow":"follow","max-snippet":"max-snippet:-1","max-image-preview":"max-image-preview:large","max-video-preview":"max-video-preview:-1"},"canonical":"https:\/\/austratt-agroturisme.no\/en\/frontpage\/","og_locale":"en_US","og_type":"article","og_title":"Austr\u00e5tt Agroturisme","og_description":"Austr\u00e5tt is a unique area where you can learn about important events in the history of Norway. Austr\u00e5tt agrotourism offers great oppurtunities......","og_url":"https:\/\/austratt-agroturisme.no\/en\/frontpage\/","og_site_name":"Austr\u00e5tt Agroturisme","article_publisher":"https:\/\/www.facebook.com\/austratt.andelsjordbruk\/","article_modified_time":"2026-02-05T12:56:47+00:00","og_image":[{"width":1000,"height":750,"url":"https:\/\/austratt-agroturisme.no\/wp-content\/uploads\/2017\/09\/somedeling-1000x750.png","type":"image\/png"}],"twitter_card":"summary_large_image","twitter_misc":{"Est. reading time":"1 minute"},"schema":{"@context":"https:\/\/schema.org","@graph":[{"@type":"WebPage","@id":"https:\/\/austratt-agroturisme.no\/en\/frontpage\/","url":"https:\/\/austratt-agroturisme.no\/en\/frontpage\/","name":"Austr\u00e5tt Agroturisme","isPartOf":{"@id":"https:\/\/austratt-agroturisme.no\/#website"},"primaryImageOfPage":{"@id":"https:\/\/austratt-agroturisme.no\/en\/frontpage\/#primaryimage"},"image":{"@id":"https:\/\/austratt-agroturisme.no\/en\/frontpage\/#primaryimage"},"thumbnailUrl":"","datePublished":"2015-11-30T13:50:59+00:00","dateModified":"2026-02-05T12:56:47+00:00","description":"Austr\u00e5tt is a unique area where you can learn about important events in the history of Norway. Austr\u00e5tt agrotourism offers great oppurtunities......","breadcrumb":{"@id":"https:\/\/austratt-agroturisme.no\/en\/frontpage\/#breadcrumb"},"inLanguage":"en-US","potentialAction":[{"@type":"ReadAction","target":["https:\/\/austratt-agroturisme.no\/en\/frontpage\/"]}]},{"@type":"ImageObject","inLanguage":"en-US","@id":"https:\/\/austratt-agroturisme.no\/en\/frontpage\/#primaryimage","url":"","contentUrl":""},{"@type":"BreadcrumbList","@id":"https:\/\/austratt-agroturisme.no\/en\/frontpage\/#breadcrumb","itemListElement":[{"@type":"ListItem","position":1,"name":"Hjem","item":"https:\/\/austratt-agroturisme.no\/en\/"},{"@type":"ListItem","position":2,"name":"Frontpage"}]},{"@type":"WebSite","@id":"https:\/\/austratt-agroturisme.no\/#website","url":"https:\/\/austratt-agroturisme.no\/","name":"Austr\u00e5tt Agroturisme","description":"","publisher":{"@id":"https:\/\/austratt-agroturisme.no\/#organization"},"potentialAction":[{"@type":"SearchAction","target":{"@type":"EntryPoint","urlTemplate":"https:\/\/austratt-agroturisme.no\/?s={search_term_string}"},"query-input":{"@type":"PropertyValueSpecification","valueRequired":true,"valueName":"search_term_string"}}],"inLanguage":"en-US"},{"@type":"Organization","@id":"https:\/\/austratt-agroturisme.no\/#organization","name":"Austr\u00e5tt Agroturisme","url":"https:\/\/austratt-agroturisme.no\/","logo":{"@type":"ImageObject","inLanguage":"en-US","@id":"https:\/\/austratt-agroturisme.no\/#\/schema\/logo\/image\/","url":"https:\/\/austratt-agroturisme.no\/wp-content\/uploads\/2017\/09\/logoyoast.png","contentUrl":"https:\/\/austratt-agroturisme.no\/wp-content\/uploads\/2017\/09\/logoyoast.png","width":"270","height":"106","caption":"Austr\u00e5tt Agroturisme"},"image":{"@id":"https:\/\/austratt-agroturisme.no\/#\/schema\/logo\/image\/"},"sameAs":["https:\/\/www.facebook.com\/austratt.andelsjordbruk\/"]}]}},"_links":{"self":[{"href":"https:\/\/austratt-agroturisme.no\/en\/wp-json\/wp\/v2\/pages\/3617","targetHints":{"allow":["GET"]}}],"collection":[{"href":"https:\/\/austratt-agroturisme.no\/en\/wp-json\/wp\/v2\/pages"}],"about":[{"href":"https:\/\/austratt-agroturisme.no\/en\/wp-json\/wp\/v2\/types\/page"}],"author":[{"embeddable":true,"href":"https:\/\/austratt-agroturisme.no\/en\/wp-json\/wp\/v2\/users\/6"}],"replies":[{"embeddable":true,"href":"https:\/\/austratt-agroturisme.no\/en\/wp-json\/wp\/v2\/comments?post=3617"}],"version-history":[{"count":0,"href":"https:\/\/austratt-agroturisme.no\/en\/wp-json\/wp\/v2\/pages\/3617\/revisions"}],"wp:featuredmedia":[{"embeddable":true,"href":"https:\/\/austratt-agroturisme.no\/en\/wp-json\/"}],"wp:attachment":[{"href":"https:\/\/austratt-agroturisme.no\/en\/wp-json\/wp\/v2\/media?parent=3617"}],"curies":[{"name":"wp","href":"https:\/\/api.w.org\/{rel}","templated":true}]}}